   
{"id":431,"date":"2019-01-31T11:42:03","date_gmt":"2019-01-31T11:42:03","guid":{"rendered":"https:\/\/leadsglobal.com\/i-nostri-servizi\/"},"modified":"2019-03-20T16:54:23","modified_gmt":"2019-03-20T16:54:23","slug":"i-nostri-servizi","status":"publish","type":"page","link":"https:\/\/leadsglobal.com\/pt-br\/i-nostri-servizi\/","title":{"rendered":"servicios"},"content":{"rendered":"<p>[et_pb_section bb_built=&#8221;1&#8243; fullwidth=&#8221;on&#8221; module_class=&#8221;slider-home&#8221; _builder_version=&#8221;3.17.2&#8243; background_color=&#8221;#1a1f28&#8243; background_image=&#8221;https:\/\/leadsglobal.com\/wp-content\/uploads\/2019\/01\/performance-home.png&#8221; next_background_color=&#8221;#1a1f28&#8243;][et_pb_fullwidth_slider admin_label=&#8221;Slider I nostri servizi&#8221; _builder_version=&#8221;3.17.2&#8243; background_color=&#8221;#000000&#8243; custom_button=&#8221;on&#8221; button_use_icon=&#8221;off&#8221; custom_margin=&#8221;|||&#8221; custom_padding=&#8221;15%||25%&#8221;][et_pb_slide heading=&#8221;Nossos Servi\u00e7os&#8221; use_bg_overlay=&#8221;off&#8221; use_text_overlay=&#8221;off&#8221; _builder_version=&#8221;3.17.2&#8243; header_font=&#8221;|700|||||||&#8221; header_text_align=&#8221;center&#8221; header_text_color=&#8221;#ffffff&#8221; header_font_size=&#8221;44px&#8221; header_font_size_tablet=&#8221;44px&#8221; header_font_size_phone=&#8221;44px&#8221; background_color=&#8221;#1a1f28&#8243; background_image=&#8221;https:\/\/leadsglobal.com\/wp-content\/uploads\/2019\/02\/4serv.jpg&#8221; background_position=&#8221;center_left&#8221; button_on_hover=&#8221;on&#8221;][\/et_pb_slide][\/et_pb_fullwidth_slider][\/et_pb_section][et_pb_section bb_built=&#8221;1&#8243; custom_padding_last_edited=&#8221;on|tablet&#8221; _builder_version=&#8221;3.17.2&#8243; background_color=&#8221;#1a1f28&#8243; custom_padding=&#8221;91px|0px|20px|0px|false|false&#8221; custom_padding_tablet=&#8221;||70px&#8221; custom_padding_phone=&#8221;107px||0px&#8221; custom_css_main_element=&#8221;background-position:bottom;&#8221; prev_background_color=&#8221;#000000&#8243; next_background_color=&#8221;#ffffff&#8221;][et_pb_row use_custom_width=&#8221;on&#8221; custom_width_px=&#8221;792px&#8221; custom_margin=&#8221;-80px||&#8221; _builder_version=&#8221;3.17.2&#8243; custom_margin_tablet=&#8221;-70px||&#8221; custom_margin_phone=&#8221;-90px||&#8221; custom_margin_last_edited=&#8221;on|phone&#8221; animation_style=&#8221;slide&#8221; animation_direction=&#8221;top&#8221; animation_intensity_slide=&#8221;18%&#8221;][et_pb_column type=&#8221;4_4&#8243;][et_pb_text module_class=&#8221;titulo&#8221; _builder_version=&#8221;3.17.2&#8243; text_font=&#8221;||||||||&#8221; text_font_size=&#8221;18px&#8221; header_font=&#8221;||||||||&#8221; header_2_font=&#8221;|700|||||||&#8221; header_2_text_align=&#8221;center&#8221; text_orientation=&#8221;center&#8221; background_layout=&#8221;dark&#8221; custom_margin=&#8221;-40px||40px&#8221;]<\/p>\n<p>Nosso compromisso \u00e9 analisar e monitorar SEMPRE os melhores canais\u00a0<span style=\"font-size: 18px;\">e convers\u00f5es do cliente<\/span><\/p>\n<p>Nossa equipe altamente qualificada \u00e9 treinada para atender as necessidades daqueles que confiam em n\u00f3s, com grande adaptabilidade e predisposi\u00e7\u00e3o a novas oportunidades.<\/p>\n<p>[\/et_pb_text][\/et_pb_column][\/et_pb_row][\/et_pb_section][et_pb_section bb_built=&#8221;1&#8243; _builder_version=&#8221;3.17.2&#8243; background_image=&#8221;https:\/\/leadsglobal.com\/wp-content\/uploads\/2019\/02\/fondo.png&#8221; custom_css_main_element=&#8221;background-position:bottom;&#8221; custom_margin=&#8221;-56px||&#8221; custom_margin_last_edited=&#8221;on|desktop&#8221; prev_background_color=&#8221;#1a1f28&#8243; next_background_color=&#8221;#ffffff&#8221;][et_pb_row _builder_version=&#8221;3.17.2&#8243;][et_pb_column type=&#8221;1_2&#8243;][et_pb_text admin_label=&#8221;MONETIZZAZIONE&#8221; _builder_version=&#8221;3.17.2&#8243; header_2_font=&#8221;|700|||||||&#8221; header_2_text_align=&#8221;center&#8221; background_layout=&#8221;dark&#8221; max_width=&#8221;76%&#8221; module_alignment=&#8221;center&#8221; animation_style=&#8221;slide&#8221; animation_direction=&#8221;left&#8221; animation_intensity_slide=&#8221;10%&#8221;]<\/p>\n<h2><b>Monetiza\u00e7\u00e3o<\/b><\/h2>\n<p>&nbsp;<\/p>\n<p style=\"text-align: center;\"><span>Mais de 20 milh\u00f5es de e-mails ativos de nossos parceiros, gerenciados internamente pela nossa equipe.<\/span><\/p>\n<p>[\/et_pb_text][et_pb_button button_url=&#8221;#contattaci&#8221; button_text=&#8221;Contacto&#8221; button_alignment=&#8221;center&#8221; _builder_version=&#8221;3.17.2&#8243; custom_button=&#8221;on&#8221; button_text_color=&#8221;#ffffff&#8221; button_font=&#8221;||||||||&#8221; button_use_icon=&#8221;off&#8221; custom_margin=&#8221;||&#8221; custom_padding=&#8221;0px|0px|0px|0px&#8221; animation_style=&#8221;slide&#8221; animation_direction=&#8221;left&#8221; animation_intensity_slide=&#8221;10%&#8221;]<\/p>\n<p>&nbsp;<\/p>\n<p>[\/et_pb_button][\/et_pb_column][et_pb_column type=&#8221;1_2&#8243;][et_pb_image src=&#8221;https:\/\/leadsglobal.com\/wp-content\/uploads\/2019\/02\/mone-3.png&#8221; _builder_version=&#8221;3.17.2&#8243; max_width_tablet=&#8221;66%&#8221; max_width_last_edited=&#8221;on|phone&#8221; custom_margin=&#8221;-50px||&#8221; custom_margin_tablet=&#8221;20px||&#8221; custom_margin_last_edited=&#8221;on|desktop&#8221; animation_style=&#8221;slide&#8221; animation_direction=&#8221;right&#8221; animation_intensity_slide=&#8221;11%&#8221;]<\/p>\n<p>&nbsp;<\/p>\n<p>[\/et_pb_image][\/et_pb_column][\/et_pb_row][\/et_pb_section][et_pb_section bb_built=&#8221;1&#8243; _builder_version=&#8221;3.17.2&#8243; custom_margin_phone=&#8221;-21px||&#8221; custom_margin_last_edited=&#8221;on|phone&#8221; custom_css_main_element=&#8221;z-index:0;&#8221; prev_background_color=&#8221;#000000&#8243; next_background_color=&#8221;rgba(0,0,0,0)&#8221;][et_pb_row _builder_version=&#8221;3.17.2&#8243; animation_style=&#8221;slide&#8221; animation_direction=&#8221;bottom&#8221; animation_intensity_slide=&#8221;5%&#8221;][et_pb_column type=&#8221;1_2&#8243;][et_pb_image src=&#8221;https:\/\/leadsglobal.com\/wp-content\/uploads\/2019\/02\/meg.png&#8221; _builder_version=&#8221;3.17.2&#8243; max_width_tablet=&#8221;66%&#8221; max_width_phone=&#8221;91%&#8221; max_width_last_edited=&#8221;on|phone&#8221; custom_margin_tablet=&#8221;-80px||&#8221; custom_margin_phone=&#8221;-85px||&#8221; custom_margin_last_edited=&#8221;on|desktop&#8221; custom_padding=&#8221;||26px&#8221; custom_margin=&#8221;-66px||&#8221;]<\/p>\n<p>&nbsp;<\/p>\n<p>[\/et_pb_image][\/et_pb_column][et_pb_column type=&#8221;1_2&#8243;][et_pb_text admin_label=&#8221;SMS&#8221; _builder_version=&#8221;3.17.2&#8243; text_font=&#8221;||||||||&#8221; header_font=&#8221;||||||||&#8221; header_text_align=&#8221;left&#8221; header_2_font=&#8221;|700|||||||&#8221; header_2_font_size=&#8221;40px&#8221; custom_margin_tablet=&#8221;-40px||&#8221; custom_margin_phone=&#8221;-60px||&#8221; custom_margin_last_edited=&#8221;on|phone&#8221; header_font_size=&#8221;13px&#8221;]<\/p>\n<h2>ANUNCIANTES<\/h2>\n<p>[\/et_pb_text][et_pb_text _builder_version=&#8221;3.17.2&#8243; text_font=&#8221;||||||||&#8221; background_color=&#8221;#1a1f28&#8243; background_layout=&#8221;dark&#8221; custom_margin=&#8221;-47px||&#8221; custom_padding=&#8221;40px|30px|40px|30px&#8221;]<\/p>\n<p><span>G<\/span><span>erenciamos diferentes fontes de tr\u00e1fego para <\/span><\/p>\n<p><span>nossos\u00a0<\/span><span style=\"font-size: 16px;\">clientes.<\/span><\/p>\n<p><span>Temos uma equipe especializada em cada mercado, <\/span><\/p>\n<p><span>que captar\u00e1 os leads que sua empresa precisa.<\/span><\/p>\n<p>[\/et_pb_text][et_pb_button button_url=&#8221;#contattaci&#8221; button_text=&#8221;Contacto&#8221; button_alignment=&#8221;center&#8221; _builder_version=&#8221;3.17.2&#8243; custom_button=&#8221;on&#8221; button_text_color=&#8221;#ffffff&#8221; button_font=&#8221;||||||||&#8221; custom_padding=&#8221;0px|0px|0px|0px&#8221;]<\/p>\n<p>&nbsp;<\/p>\n<p>[\/et_pb_button][\/et_pb_column][\/et_pb_row][\/et_pb_section][et_pb_section bb_built=&#8221;1&#8243; disabled_on=&#8221;off|off|off&#8221; _builder_version=&#8221;3.17.2&#8243; background_color=&#8221;rgba(0,0,0,0)&#8221; background_image=&#8221;https:\/\/leadsglobal.com\/wp-content\/uploads\/2019\/02\/affiliaz-copia-1.png&#8221; custom_margin=&#8221;-253px||&#8221; custom_margin_phone=&#8221;-174px||&#8221; custom_margin_last_edited=&#8221;on|tablet&#8221; custom_padding=&#8221;||&#8221; custom_css_main_element=&#8221;background-position:top;&#8221; prev_background_color=&#8221;#ffffff&#8221; next_background_color=&#8221;#1a1f28&#8243;][et_pb_row custom_padding=&#8221;27px|0px|104px|0px|false|false&#8221; custom_padding_tablet=&#8221;0px||50px&#8221; custom_padding_phone=&#8221;0px||20px&#8221; custom_padding_last_edited=&#8221;on|phone&#8221; _builder_version=&#8221;3.17.2&#8243;][et_pb_column type=&#8221;1_2&#8243;][\/et_pb_column][et_pb_column type=&#8221;1_2&#8243;][et_pb_text admin_label=&#8221;RETE DI AFFILIAZIONE&#8221; _builder_version=&#8221;3.17.2&#8243; header_2_font=&#8221;|700|||||||&#8221; header_2_text_align=&#8221;center&#8221; background_color=&#8221;rgba(255,255,255,0.53)&#8221; custom_margin=&#8221;350px||&#8221; custom_margin_tablet=&#8221;150px||&#8221; custom_margin_phone=&#8221;200px||&#8221; custom_margin_last_edited=&#8221;on|phone&#8221; custom_padding=&#8221;40px|30px|40px|30px&#8221;]<\/p>\n<h2><b>Afilia\u00e7\u00e3o<\/b><\/h2>\n<p style=\"text-align: center;\"><span>Network com mais de 400 afiliados ativos <\/span><\/p>\n<p style=\"text-align: center;\"><span>e selecionados a dedo.<\/span><\/p>\n<p>[\/et_pb_text][et_pb_button button_url=&#8221;#contattaci&#8221; button_text=&#8221;Contacto&#8221; button_alignment=&#8221;center&#8221; _builder_version=&#8221;3.17.2&#8243; custom_button=&#8221;on&#8221; button_text_color=&#8221;#ffffff&#8221; button_font=&#8221;||||||||&#8221; button_use_icon=&#8221;off&#8221; custom_margin=&#8221;||&#8221; custom_padding=&#8221;0px|0px|0px|0px&#8221;]<\/p>\n<p>&nbsp;<\/p>\n<p>[\/et_pb_button][\/et_pb_column][\/et_pb_row][\/et_pb_section][et_pb_section bb_built=&#8221;1&#8243; module_id=&#8221;contattaci&#8221; _builder_version=&#8221;3.17.2&#8243; custom_padding=&#8221;57px|0px|0|0px|false|false&#8221; custom_css_main_element=&#8221;background-position:top;&#8221; background_color=&#8221;#1a1f28&#8243; top_divider_style=&#8221;arrow&#8221; top_divider_height=&#8221;62px&#8221; prev_background_color=&#8221;rgba(0,0,0,0)&#8221; global_module=&#8221;1094&#8243;][et_pb_row global_parent=&#8221;1094&#8243; make_fullwidth=&#8221;on&#8221; use_custom_gutter=&#8221;on&#8221; gutter_width=&#8221;1&#8243; custom_padding=&#8221;27px|0px|0|0px|false|false&#8221; _builder_version=&#8221;3.17.2&#8243;][et_pb_column type=&#8221;4_4&#8243;][et_pb_text admin_label=&#8221;Testo CONTATTACI&#8221; global_parent=&#8221;1094&#8243; module_class=&#8221;titulo&#8221; _builder_version=&#8221;3.20.2&#8243; header_2_font=&#8221;|700|||||||&#8221; header_2_text_align=&#8221;center&#8221; header_2_text_color=&#8221;#ffffff&#8221; custom_margin=&#8221;30px||&#8221;]<\/p>\n<h2>CONTACTO<\/h2>\n<p>[\/et_pb_text][et_pb_code admin_label=&#8221;Codice CONTATTACI&#8221; global_parent=&#8221;1094&#8243; _builder_version=&#8221;3.20.2&#8243;]<script type=\"text\/javascript\" src=\"https:\/\/form.jotformeu.com\/jsform\/90785175458369\"><\/script>[\/et_pb_code][\/et_pb_column][\/et_pb_row][\/et_pb_section]<\/p>\n","protected":false},"excerpt":{"rendered":"<p>Nosso compromisso \u00e9 analisar e monitorar SEMPRE os melhores canais\u00a0e convers\u00f5es do cliente Nossa equipe altamente qualificada \u00e9 treinada para atender as necessidades daqueles que confiam em n\u00f3s, com grande adaptabilidade e predisposi\u00e7\u00e3o a novas oportunidades. Monetiza\u00e7\u00e3o &nbsp; Mais de 20 milh\u00f5es de e-mails ativos de nossos parceiros, gerenciados internamente pela nossa equipe. &nbsp; &nbsp; [&hellip;]<\/p>\n","protected":false},"author":1,"featured_media":0,"parent":0,"menu_order":0,"comment_status":"closed","ping_status":"closed","template":"","meta":{"_et_pb_use_builder":"on","_et_pb_old_content":"","_et_gb_content_width":"","footnotes":""},"class_list":["post-431","page","type-page","status-publish","hentry"],"_links":{"self":[{"href":"https:\/\/leadsglobal.com\/pt-br\/wp-json\/wp\/v2\/pages\/431","targetHints":{"allow":["GET"]}}],"collection":[{"href":"https:\/\/leadsglobal.com\/pt-br\/wp-json\/wp\/v2\/pages"}],"about":[{"href":"https:\/\/leadsglobal.com\/pt-br\/wp-json\/wp\/v2\/types\/page"}],"author":[{"embeddable":true,"href":"https:\/\/leadsglobal.com\/pt-br\/wp-json\/wp\/v2\/users\/1"}],"replies":[{"embeddable":true,"href":"https:\/\/leadsglobal.com\/pt-br\/wp-json\/wp\/v2\/comments?post=431"}],"version-history":[{"count":21,"href":"https:\/\/leadsglobal.com\/pt-br\/wp-json\/wp\/v2\/pages\/431\/revisions"}],"predecessor-version":[{"id":1102,"href":"https:\/\/leadsglobal.com\/pt-br\/wp-json\/wp\/v2\/pages\/431\/revisions\/1102"}],"wp:attachment":[{"href":"https:\/\/leadsglobal.com\/pt-br\/wp-json\/wp\/v2\/media?parent=431"}],"curies":[{"name":"wp","href":"https:\/\/api.w.org\/{rel}","templated":true}]}}