   
{"id":427,"date":"2019-01-29T15:37:24","date_gmt":"2019-01-29T15:37:24","guid":{"rendered":"https:\/\/leadsglobal.com\/home\/"},"modified":"2025-02-25T14:44:04","modified_gmt":"2025-02-25T14:44:04","slug":"home","status":"publish","type":"page","link":"https:\/\/leadsglobal.com\/pt-br\/","title":{"rendered":"Home"},"content":{"rendered":"<p>[et_pb_section fb_built=&#8221;1&#8243; fullwidth=&#8221;on&#8221; module_class=&#8221;slider-home&#8221; _builder_version=&#8221;4.16&#8243; bottom_divider_style=&#8221;curve&#8221; bottom_divider_color=&#8221;#1a1f28&#8243; bottom_divider_height=&#8221;155px&#8221; bottom_divider_flip=&#8221;vertical&#8221; bottom_divider_height_tablet=&#8221;58px&#8221; bottom_divider_height_phone=&#8221;32px&#8221; bottom_divider_height_last_edited=&#8221;on|phone&#8221; global_colors_info=&#8221;{}&#8221;][et_pb_fullwidth_slider admin_label=&#8221;Slider principal&#8221; _builder_version=&#8221;4.16&#8243; custom_button=&#8221;on&#8221; button_use_icon=&#8221;off&#8221; custom_padding=&#8221;30%||35%&#8221; global_colors_info=&#8221;{}&#8221;][et_pb_slide button_text=&#8221;Contattaci!&#8221; button_link=&#8221;#contattaci&#8221; _builder_version=&#8221;4.16&#8243; header_level=&#8221;h2&#8243; header_font=&#8221;|700|||||||&#8221; header_text_align=&#8221;center&#8221; header_text_color=&#8221;#ffffff&#8221; header_font_size=&#8221;44px&#8221; body_font=&#8221;||||||||&#8221; background_image=&#8221;https:\/\/leadsglobal.com\/wp-content\/uploads\/2019\/02\/45034185_m.jpg&#8221; background_position=&#8221;center_left&#8221; text_orientation=&#8221;center&#8221; global_colors_info=&#8221;{}&#8221; sticky_transition=&#8221;on&#8221;]<\/p>\n<h1><strong>Your Best <span style=\"color: #e34b3e;\">Performance<\/span>\u00a0Marketing and Leads Generation Campaign<\/strong><\/h1>\n<p>[\/et_pb_slide][\/et_pb_fullwidth_slider][\/et_pb_section][et_pb_section fb_built=&#8221;1&#8243; custom_padding_last_edited=&#8221;on|phone&#8221; _builder_version=&#8221;4.16&#8243; background_image=&#8221;https:\/\/leadsglobal.com\/wp-content\/uploads\/2019\/01\/fondo-chi-siamo.png&#8221; custom_padding=&#8221;0|0px|151px|0px|false|false&#8221; custom_padding_tablet=&#8221;||110px&#8221; custom_padding_phone=&#8221;22px||90px&#8221; custom_css_main_element=&#8221;background-position:bottom;&#8221; global_colors_info=&#8221;{}&#8221;][et_pb_row module_id=&#8221;chisiamo&#8221; _builder_version=&#8221;4.16&#8243; max_width=&#8221;821px&#8221; custom_margin=&#8221;0px||&#8221; custom_margin_tablet=&#8221;-3px||&#8221; custom_margin_phone=&#8221;-90px||&#8221; custom_margin_last_edited=&#8221;on|phone&#8221; custom_padding=&#8221;80px|0px|40px|0px|false|false&#8221; animation_style=&#8221;fade&#8221; use_custom_width=&#8221;on&#8221; custom_width_px=&#8221;821px&#8221; global_colors_info=&#8221;{}&#8221;][et_pb_column type=&#8221;4_4&#8243; _builder_version=&#8221;4.16&#8243; custom_padding=&#8221;|||&#8221; global_colors_info=&#8221;{}&#8221; custom_padding__hover=&#8221;|||&#8221;][et_pb_text admin_label=&#8221;Chi siamo&#8221; module_class=&#8221;titulo&#8221; _builder_version=&#8221;4.16&#8243; header_2_font=&#8221;|700|||||||&#8221; header_2_text_align=&#8221;center&#8221; text_orientation=&#8221;center&#8221; background_layout=&#8221;dark&#8221; global_colors_info=&#8221;{}&#8221;]<\/p>\n<h2>CHI SIAMO<\/h2>\n<p><span>Leads Global \u00e8 una multinazionale specializzata nell\u2019aumentare le conversioni attraverso il digital marketing.<\/span><\/p>\n<p><span>Il nostro biglietto da visita \u00e9 il raggiungimento degli obiettivi dei nostri clienti.<\/span><\/p>\n<p><span>Attraverso specifici canali aumentiamo le vendite e l\u2019engagment delle loro campagne (database per Telemarketing, Sms, E-mail marketing, Social Ads, Coregistration, Display, Interactive Voice Response, Affiliazione, Data Enrichment etc,)<\/span><\/p>\n<p>&nbsp;<\/p>\n<p>[\/et_pb_text][\/et_pb_column][\/et_pb_row][\/et_pb_section][et_pb_section fb_built=&#8221;1&#8243; _builder_version=&#8221;4.16&#8243; custom_margin_tablet=&#8221;&#8221; custom_margin_phone=&#8221;||&#8221; custom_margin_last_edited=&#8221;on|phone&#8221; global_colors_info=&#8221;{}&#8221;][et_pb_row _builder_version=&#8221;4.16&#8243; max_width=&#8221;755px&#8221; custom_margin_tablet=&#8221;-50px||&#8221; custom_margin_phone=&#8221;-60px||&#8221; custom_margin_last_edited=&#8221;on|tablet&#8221; use_custom_width=&#8221;on&#8221; custom_width_px=&#8221;755px&#8221; global_colors_info=&#8221;{}&#8221;][et_pb_column type=&#8221;4_4&#8243; _builder_version=&#8221;4.16&#8243; custom_padding=&#8221;|||&#8221; global_colors_info=&#8221;{}&#8221; custom_padding__hover=&#8221;|||&#8221;][et_pb_text admin_label=&#8221;I nostri servizi top&#8221; module_class=&#8221;titulo&#8221; _builder_version=&#8221;4.16&#8243; header_2_font=&#8221;|700|||||||&#8221; header_2_text_align=&#8221;center&#8221; text_orientation=&#8221;center&#8221; global_colors_info=&#8221;{}&#8221;]<\/p>\n<h2>I nostri servizi top<\/h2>\n<p><span style=\"font-size: 16px;\">Il nostro impegno \u00e8 quello di analizzare e monitorare SEMPRE i migliori canali e le conversioni del cliente, il nostro team altamente qualificato \u00e8 formato per gestire le necessit\u00e0 di chi si affida a noi, con grande adattabilit\u00e0 e predisposizione alle nuove opportunit\u00e0.\u00a0<\/span><\/p>\n<p>[\/et_pb_text][\/et_pb_column][\/et_pb_row][et_pb_row column_structure=&#8221;1_3,1_3,1_3&#8243; use_custom_gutter=&#8221;on&#8221; gutter_width=&#8221;2&#8243; _builder_version=&#8221;4.16&#8243; animation_style=&#8221;slide&#8221; animation_direction=&#8221;left&#8221; animation_intensity_slide=&#8221;5%&#8221; global_colors_info=&#8221;{}&#8221;][et_pb_column type=&#8221;1_3&#8243; _builder_version=&#8221;4.16&#8243; custom_padding=&#8221;|||&#8221; global_colors_info=&#8221;{}&#8221; custom_padding__hover=&#8221;|||&#8221;][et_pb_image src=&#8221;https:\/\/leadsglobal.com\/wp-content\/uploads\/2019\/02\/telemarketing.png&#8221; align=&#8221;center&#8221; align_tablet=&#8221;center&#8221; align_phone=&#8221;&#8221; align_last_edited=&#8221;on|desktop&#8221; _builder_version=&#8221;4.16&#8243; global_colors_info=&#8221;{}&#8221;]<\/p>\n<p>&nbsp;<\/p>\n<p>[\/et_pb_image][et_pb_text admin_label=&#8221;Monetizzazione database&#8221; _builder_version=&#8221;4.16&#8243; header_font=&#8221;|700|||||||&#8221; header_2_font=&#8221;|700|||||||&#8221; header_2_text_align=&#8221;center&#8221; header_2_text_color=&#8221;#e34b3e&#8221; text_orientation=&#8221;center&#8221; global_colors_info=&#8221;{}&#8221;]<\/p>\n<h2>Telemarketing<\/h2>\n<p>Oltre 6 milioni di numerazioni MOBILE di propriet\u00e0, aggiornate, garantite<\/p>\n<p>[\/et_pb_text][\/et_pb_column][et_pb_column type=&#8221;1_3&#8243; _builder_version=&#8221;4.16&#8243; custom_padding=&#8221;|||&#8221; global_colors_info=&#8221;{}&#8221; custom_padding__hover=&#8221;|||&#8221;][et_pb_image src=&#8221;https:\/\/leadsglobal.com\/wp-content\/uploads\/2019\/02\/sms.png&#8221; align=&#8221;center&#8221; align_tablet=&#8221;center&#8221; align_phone=&#8221;&#8221; align_last_edited=&#8221;on|desktop&#8221; _builder_version=&#8221;4.16&#8243; global_colors_info=&#8221;{}&#8221;]<\/p>\n<p>&nbsp;<\/p>\n<p>[\/et_pb_image][et_pb_text admin_label=&#8221;SMS&#8221; _builder_version=&#8221;4.16&#8243; text_letter_spacing=&#8221;-0.5px&#8221; header_font=&#8221;|700|||||||&#8221; header_2_font=&#8221;|700|||||||&#8221; header_2_text_align=&#8221;center&#8221; header_2_text_color=&#8221;#e34b3e&#8221; text_orientation=&#8221;center&#8221; global_colors_info=&#8221;{}&#8221;]<\/p>\n<h2>SMS<\/h2>\n<p>Possiamo fornirti una piattaforma dedicata per aumentare le conversioni attraverso invio SMS<\/p>\n<p>[\/et_pb_text][\/et_pb_column][et_pb_column type=&#8221;1_3&#8243; _builder_version=&#8221;4.16&#8243; custom_padding=&#8221;|||&#8221; global_colors_info=&#8221;{}&#8221; custom_padding__hover=&#8221;|||&#8221;][et_pb_image src=&#8221;https:\/\/leadsglobal.com\/wp-content\/uploads\/2019\/02\/affiliazione.png&#8221; align=&#8221;center&#8221; align_tablet=&#8221;center&#8221; align_phone=&#8221;&#8221; align_last_edited=&#8221;on|desktop&#8221; _builder_version=&#8221;4.16&#8243; global_colors_info=&#8221;{}&#8221;]<\/p>\n<p>&nbsp;<\/p>\n<p>[\/et_pb_image][et_pb_text admin_label=&#8221;Affiliazione&#8221; _builder_version=&#8221;4.16&#8243; text_letter_spacing=&#8221;-0.5px&#8221; header_font=&#8221;|700|||||||&#8221; header_2_font=&#8221;|700|||||||&#8221; header_2_text_align=&#8221;center&#8221; header_2_text_color=&#8221;#e34b3e&#8221; text_orientation=&#8221;center&#8221; global_colors_info=&#8221;{}&#8221;]<\/p>\n<h2>Affiliazione<\/h2>\n<p>Pi\u00f9 di 10 milioni di e-mail attive, gestite internamente, oltre alla rete di editori esterna.<\/p>\n<p>[\/et_pb_text][\/et_pb_column][\/et_pb_row][et_pb_row column_structure=&#8221;1_3,1_3,1_3&#8243; _builder_version=&#8221;4.16&#8243; animation_style=&#8221;slide&#8221; animation_direction=&#8221;right&#8221; animation_intensity_slide=&#8221;7%&#8221; global_colors_info=&#8221;{}&#8221;][et_pb_column type=&#8221;1_3&#8243; _builder_version=&#8221;4.16&#8243; custom_padding=&#8221;|||&#8221; global_colors_info=&#8221;{}&#8221; custom_padding__hover=&#8221;|||&#8221;][et_pb_image src=&#8221;https:\/\/leadsglobal.com\/wp-content\/uploads\/2019\/02\/monetizzazione.png&#8221; align=&#8221;center&#8221; align_tablet=&#8221;center&#8221; align_phone=&#8221;&#8221; align_last_edited=&#8221;on|desktop&#8221; _builder_version=&#8221;4.16&#8243; global_colors_info=&#8221;{}&#8221;]<\/p>\n<p>&nbsp;<\/p>\n<p>[\/et_pb_image][et_pb_text admin_label=&#8221;Social media lead generation&#8221; _builder_version=&#8221;4.16&#8243; header_font=&#8221;|700|||||||&#8221; header_2_font=&#8221;|700|||||||&#8221; header_2_text_align=&#8221;center&#8221; header_2_text_color=&#8221;#e34b3e&#8221; text_orientation=&#8221;center&#8221; global_colors_info=&#8221;{}&#8221;]<\/p>\n<h2><b>Monetizzazione<\/b><\/h2>\n<p><span style=\"font-weight: 400;\">Hai un database di email o cellulari e vorresti trarre un alto guadagno?<\/span><\/p>\n<p>[\/et_pb_text][\/et_pb_column][et_pb_column type=&#8221;1_3&#8243; _builder_version=&#8221;4.16&#8243; custom_padding=&#8221;|||&#8221; global_colors_info=&#8221;{}&#8221; custom_padding__hover=&#8221;|||&#8221;][et_pb_image src=&#8221;https:\/\/leadsglobal.com\/wp-content\/uploads\/2019\/02\/social.png&#8221; align=&#8221;center&#8221; align_tablet=&#8221;center&#8221; align_phone=&#8221;&#8221; align_last_edited=&#8221;on|desktop&#8221; _builder_version=&#8221;4.16&#8243; global_colors_info=&#8221;{}&#8221;]<\/p>\n<p>&nbsp;<\/p>\n<p>[\/et_pb_image][et_pb_text admin_label=&#8221;Ivr&#8221; _builder_version=&#8221;4.16&#8243; text_letter_spacing=&#8221;-0.5px&#8221; header_font=&#8221;|700|||||||&#8221; header_2_font=&#8221;|700|||||||&#8221; header_2_text_align=&#8221;center&#8221; header_2_text_color=&#8221;#e34b3e&#8221; text_orientation=&#8221;center&#8221; global_colors_info=&#8221;{}&#8221;]<\/p>\n<h2><b>Social ads<\/b><\/h2>\n<p>Aumentiamo le conversioni attraverso inserzioni personalizzate sui social networks<\/p>\n<p>[\/et_pb_text][\/et_pb_column][et_pb_column type=&#8221;1_3&#8243; _builder_version=&#8221;4.16&#8243; custom_padding=&#8221;|||&#8221; global_colors_info=&#8221;{}&#8221; custom_padding__hover=&#8221;|||&#8221;][et_pb_image src=&#8221;https:\/\/leadsglobal.com\/wp-content\/uploads\/2019\/02\/ivr.png&#8221; align=&#8221;center&#8221; align_tablet=&#8221;center&#8221; align_phone=&#8221;&#8221; align_last_edited=&#8221;on|desktop&#8221; _builder_version=&#8221;4.16&#8243; global_colors_info=&#8221;{}&#8221;]<\/p>\n<p>&nbsp;<\/p>\n<p>[\/et_pb_image][et_pb_text admin_label=&#8221;Telemarketing&#8221; _builder_version=&#8221;4.16&#8243; text_letter_spacing=&#8221;-0.5px&#8221; header_font=&#8221;|700|||||||&#8221; header_2_font=&#8221;|700|||||||&#8221; header_2_text_align=&#8221;center&#8221; header_2_text_color=&#8221;#e34b3e&#8221; text_orientation=&#8221;center&#8221; global_colors_info=&#8221;{}&#8221;]<\/p>\n<h2><b>Dati in real time<\/b><\/h2>\n<p><span style=\"font-weight: 400;\">Diventa co-titolare dei dati che raccogliamo, programmando in base alle tue esigenze e ottenendo anagrafiche fresche e aggiornate.<\/span><\/p>\n<p>[\/et_pb_text][\/et_pb_column][\/et_pb_row][et_pb_row _builder_version=&#8221;4.16&#8243; global_colors_info=&#8221;{}&#8221;][et_pb_column type=&#8221;4_4&#8243; _builder_version=&#8221;4.16&#8243; custom_padding=&#8221;|||&#8221; global_colors_info=&#8221;{}&#8221; custom_padding__hover=&#8221;|||&#8221;][et_pb_button button_url=&#8221;\/wp-leadsglobal\/i-nostri-servizi\/&#8221; button_text=&#8221;Scopri i nostri servizi&#8221; button_alignment=&#8221;center&#8221; admin_label=&#8221;More info&#8221; _builder_version=&#8221;4.16&#8243; custom_button=&#8221;on&#8221; button_text_color=&#8221;#ffffff&#8221; button_use_icon=&#8221;off&#8221; custom_margin=&#8221;||&#8221; custom_padding=&#8221;0px||0px|&#8221; global_colors_info=&#8221;{}&#8221;]<\/p>\n<p>&nbsp;<\/p>\n<p>[\/et_pb_button][\/et_pb_column][\/et_pb_row][\/et_pb_section][et_pb_section fb_built=&#8221;1&#8243; disabled_on=&#8221;on|on|off&#8221; _builder_version=&#8221;4.16&#8243; background_image=&#8221;https:\/\/leadsglobal.com\/wp-content\/uploads\/2019\/02\/prova.jpg&#8221; custom_margin=&#8221;-200px||&#8221; custom_margin_tablet=&#8221;&#8221; custom_margin_phone=&#8221;||||false|false&#8221; custom_margin_last_edited=&#8221;on|phone&#8221; custom_padding=&#8221;||&#8221; animation_direction=&#8221;top&#8221; custom_css_main_element=&#8221;background-position:top;&#8221; global_colors_info=&#8221;{}&#8221;][et_pb_row _builder_version=&#8221;4.16&#8243; custom_margin=&#8221;480px||&#8221; custom_padding=&#8221;27px|0px|0|0px|false|false&#8221; global_colors_info=&#8221;{}&#8221;][et_pb_column type=&#8221;4_4&#8243; _builder_version=&#8221;4.16&#8243; custom_padding=&#8221;|||&#8221; global_colors_info=&#8221;{}&#8221; custom_padding__hover=&#8221;|||&#8221;][et_pb_text admin_label=&#8221;Testo desktop&#8221; module_class=&#8221;titulo&#8221; _builder_version=&#8221;4.16&#8243; header_2_font=&#8221;|700|||||||&#8221; header_2_text_align=&#8221;center&#8221; custom_margin=&#8221;||&#8221; custom_padding=&#8221;0px||0px&#8221; global_colors_info=&#8221;{}&#8221;]<\/p>\n<h2><span style=\"color: #ffffff;\">BLOG<\/span><\/h2>\n<p>[\/et_pb_text][\/et_pb_column][\/et_pb_row][et_pb_row use_custom_gutter=&#8221;on&#8221; gutter_width=&#8221;2&#8243; _builder_version=&#8221;4.16&#8243; custom_margin=&#8221;||-100px||false|false&#8221; custom_padding=&#8221;130px||||false|false&#8221; global_colors_info=&#8221;{}&#8221;][et_pb_column type=&#8221;4_4&#8243; _builder_version=&#8221;4.16&#8243; custom_padding=&#8221;|||&#8221; global_colors_info=&#8221;{}&#8221; custom_padding__hover=&#8221;|||&#8221;][et_pb_blog fullwidth=&#8221;off&#8221; posts_number=&#8221;3&#8243; show_author=&#8221;off&#8221; show_date=&#8221;off&#8221; show_categories=&#8221;off&#8221; show_pagination=&#8221;off&#8221; use_overlay=&#8221;on&#8221; overlay_icon_color=&#8221;#1a1f28&#8243; hover_overlay_color=&#8221;rgba(255,255,255,0.52)&#8221; admin_label=&#8221;Blog desktop&#8221; _builder_version=&#8221;4.16&#8243; header_font=&#8221;|700|||||||&#8221; header_text_color=&#8221;#e34b3e&#8221; body_text_color=&#8221;#ffffff&#8221; global_colors_info=&#8221;{}&#8221; header_text_color__hover_enabled=&#8221;on&#8221; body_text_color__hover_enabled=&#8221;on&#8221; header_text_color__hover=&#8221;#e34b3e&#8221; body_text_color__hover=&#8221;#ffffff&#8221;]<\/p>\n<p>&nbsp;<\/p>\n<p>[\/et_pb_blog][et_pb_button button_url=&#8221;https:\/\/leadsglobal.com\/pt-br\/blog-3\/&#8221; button_text=&#8221;Vedi altro&#8221; button_alignment=&#8221;center&#8221; _builder_version=&#8221;4.16&#8243; _module_preset=&#8221;default&#8221; background_layout=&#8221;dark&#8221; custom_padding=&#8221;10px||10px||false|false&#8221; global_colors_info=&#8221;{}&#8221;][\/et_pb_button][\/et_pb_column][\/et_pb_row][\/et_pb_section][et_pb_section fb_built=&#8221;1&#8243; disabled_on=&#8221;off|off|on&#8221; _builder_version=&#8221;4.16&#8243; background_image=&#8221;https:\/\/leadsglobal.com\/wp-content\/uploads\/2019\/02\/blog.jpg&#8221; custom_margin=&#8221;-400px||&#8221; custom_margin_tablet=&#8221;-100px||&#8221; custom_margin_phone=&#8221;-292px||50px||false|false&#8221; custom_margin_last_edited=&#8221;on|phone&#8221; custom_padding=&#8221;0|0|0|0|false|false&#8221; custom_css_main_element=&#8221;background-position:top;||background-size: contain;&#8221; global_colors_info=&#8221;{}&#8221;][et_pb_row _builder_version=&#8221;4.16&#8243; custom_margin=&#8221;||&#8221; custom_margin_tablet=&#8221;&#8221; custom_margin_phone=&#8221;297px||-8px&#8221; custom_margin_last_edited=&#8221;on|phone&#8221; custom_padding=&#8221;198px|0px|0px|0px|false|false&#8221; global_colors_info=&#8221;{}&#8221;][et_pb_column type=&#8221;4_4&#8243; _builder_version=&#8221;4.16&#8243; custom_padding=&#8221;|||&#8221; global_colors_info=&#8221;{}&#8221; custom_padding__hover=&#8221;|||&#8221;][et_pb_text admin_label=&#8221;Testo Movil&#8221; _builder_version=&#8221;4.16&#8243; header_2_font=&#8221;|700|||||||&#8221; header_2_text_align=&#8221;center&#8221; custom_margin=&#8221;-107px||&#8221; custom_padding=&#8221;||&#8221; global_colors_info=&#8221;{}&#8221;]<\/p>\n<h2>BLOG<\/h2>\n<p>[\/et_pb_text][\/et_pb_column][\/et_pb_row][et_pb_row use_custom_gutter=&#8221;on&#8221; gutter_width=&#8221;2&#8243; module_id=&#8221;blog-home&#8221; _builder_version=&#8221;4.16&#8243; custom_margin=&#8221;-3px||-338px&#8221; custom_padding=&#8221;0px||&#8221; animation_style=&#8221;slide&#8221; global_colors_info=&#8221;{}&#8221;][et_pb_column type=&#8221;4_4&#8243; _builder_version=&#8221;4.16&#8243; custom_padding=&#8221;|||&#8221; global_colors_info=&#8221;{}&#8221; custom_padding__hover=&#8221;|||&#8221;][et_pb_blog fullwidth=&#8221;off&#8221; posts_number=&#8221;3&#8243; show_author=&#8221;off&#8221; show_date=&#8221;off&#8221; show_categories=&#8221;off&#8221; show_pagination=&#8221;off&#8221; use_overlay=&#8221;on&#8221; overlay_icon_color=&#8221;#1a1f28&#8243; hover_overlay_color=&#8221;rgba(255,255,255,0.52)&#8221; admin_label=&#8221;Blog Movil&#8221; _builder_version=&#8221;4.16&#8243; header_font=&#8221;|700|||||||&#8221; header_text_color=&#8221;#e34b3e&#8221; body_text_color=&#8221;#ffffff&#8221; custom_css_content=&#8221;color:#fff!important;&#8221; global_colors_info=&#8221;{}&#8221; header_text_color__hover_enabled=&#8221;on&#8221; body_text_color__hover_enabled=&#8221;on|desktop&#8221; header_text_color__hover=&#8221;#e34b3e&#8221; body_text_color__hover=&#8221;#ffffff&#8221;]<\/p>\n<p>&nbsp;<\/p>\n<p>[\/et_pb_blog][et_pb_button button_url=&#8221;https:\/\/leadsglobal.com\/pt-br\/blog-3\/&#8221; button_text=&#8221;Vedi altro&#8221; button_alignment=&#8221;center&#8221; _builder_version=&#8221;4.16&#8243; _module_preset=&#8221;default&#8221; background_layout=&#8221;dark&#8221; custom_padding=&#8221;10px||10px||false|false&#8221; global_colors_info=&#8221;{}&#8221;][\/et_pb_button][\/et_pb_column][\/et_pb_row][\/et_pb_section][et_pb_section fb_built=&#8221;1&#8243; _builder_version=&#8221;3.22&#8243; custom_padding=&#8221;0|0px|14px|0px|false|false&#8221; global_module=&#8221;325&#8243; global_colors_info=&#8221;{}&#8221;][et_pb_row _builder_version=&#8221;4.16&#8243; background_size=&#8221;initial&#8221; background_position=&#8221;top_left&#8221; background_repeat=&#8221;repeat&#8221; global_colors_info=&#8221;{}&#8221;][et_pb_column type=&#8221;4_4&#8243; _builder_version=&#8221;4.16&#8243; custom_padding=&#8221;|||&#8221; global_colors_info=&#8221;{}&#8221; custom_padding__hover=&#8221;|||&#8221;][et_pb_text _builder_version=&#8221;4.16&#8243; header_font=&#8221;|700|||||||&#8221; text_orientation=&#8221;center&#8221; max_width=&#8221;69%&#8221; module_alignment=&#8221;center&#8221; custom_margin=&#8221;30px||&#8221; global_colors_info=&#8221;{}&#8221;]<\/p>\n<h2><strong>ISCRIVITI alla nostra <span style=\"color: #e34b3e;\">NEWSLETTER<\/span><\/strong><\/h2>\n<p><strong>Vorresti essere sempre aggiornato sulle ultime novit\u00e0 di mercato? Lascia la tua email per ricevere: inviti esclusivi a eventi, i nostri e-book, gli ultimi trend di mercato<\/strong><\/p>\n<p>[\/et_pb_text][et_pb_code _builder_version=&#8221;4.27.4&#8243; global_colors_info=&#8221;{}&#8221;]<!--JB Tracker--> <script type=\"text\/javascript\"> var paq = paq || []; (function(){ if(window.apScriptInserted) return; _paq.push(['clientToken', 'P%2bsIjEMd6oQ%3d']); var d=document, g=d.createElement('script'), s=d.getElementsByTagName('script')[0]; g.type='text\/javascript'; g.async=true; g.defer=true; g.src='https:\/\/prod.benchmarkemail.com\/tracker.bundle.js'; s.parentNode.insertBefore(g,s); window.apScriptInserted=true;})(); <\/script> <!--\/JB Tracker--> <!-- BEGIN: Benchmark Email Signup Form Code --><!-- [et_pb_line_break_holder] --><script type=\"text\/javascript\" id=\"lbscript1142367\" src=\"https:\/\/lb.benchmarkemail.com\/\/it\/code\/lbformnew.js?mFcQnoBFKMS0CoLk1BaJorJ25jqXIyRIF%252BgZ9NUezL08GXZILnTLIg%253D%253D\"><\/script><noscript>Please enable JavaScript <!\u2013- [et_pb_br_holder] -\u2013><\/noscript><!-- [et_pb_line_break_holder] --><!-- END: Benchmark Email Signup Form Code --><!-- [et_pb_line_break_holder] --><script type=\"text\/javascript\"><!-- [et_pb_line_break_holder] -->jQuery(\".bmform_frm1142367\").attr(\"placeholder\", \"Email\");<!-- [et_pb_line_break_holder] --><\/script>[\/et_pb_code][\/et_pb_column][\/et_pb_row][\/et_pb_section][et_pb_section fb_built=&#8221;1&#8243; prev_background_color=&#8221;#ffffff&#8221; module_id=&#8221;contattaci&#8221; _builder_version=&#8221;4.27.4&#8243; background_color=&#8221;#1a1f28&#8243; custom_padding=&#8221;57px|0px|0|0px|false|false&#8221; top_divider_style=&#8221;arrow&#8221; top_divider_height=&#8221;62px&#8221; bottom_divider_color=&#8221;RGBA(255,255,255,0)&#8221; custom_css_main_element=&#8221;background-position:top;&#8221; global_module=&#8221;265&#8243; locked=&#8221;off&#8221; global_colors_info=&#8221;{}&#8221;][et_pb_row use_custom_gutter=&#8221;on&#8221; gutter_width=&#8221;1&#8243; module_class=&#8221; et_pb_row_fullwidth et_pb_row_fullwidth et_pb_row_fullwidth et_pb_row_fullwidth et_pb_row_fullwidth et_pb_row_fullwidth et_pb_row_fullwidth et_pb_row_fullwidth et_pb_row_fullwidth et_pb_row_fullwidth et_pb_row_fullwidth et_pb_row_fullwidth&#8221; _builder_version=&#8221;4.27.4&#8243; width=&#8221;100%&#8221; width_tablet=&#8221;100%&#8221; width_phone=&#8221;&#8221; width_last_edited=&#8221;on|desktop&#8221; max_width=&#8221;100%&#8221; max_width_tablet=&#8221;100%&#8221; max_width_phone=&#8221;&#8221; max_width_last_edited=&#8221;on|desktop&#8221; custom_padding=&#8221;27px|0px||0px|false|false&#8221; make_fullwidth=&#8221;on&#8221; global_colors_info=&#8221;{}&#8221;][et_pb_column type=&#8221;4_4&#8243; _builder_version=&#8221;4.16&#8243; custom_padding=&#8221;|||&#8221; global_colors_info=&#8221;{}&#8221; custom_padding__hover=&#8221;|||&#8221;][et_pb_text admin_label=&#8221;Testo CONTATTACI&#8221; module_class=&#8221;titulo&#8221; _builder_version=&#8221;4.27.4&#8243; header_2_font=&#8221;|700|||||||&#8221; header_2_text_align=&#8221;center&#8221; header_2_text_color=&#8221;#ffffff&#8221; custom_margin=&#8221;30px||&#8221; global_colors_info=&#8221;{}&#8221;]<\/p>\n<h2><span>CONTATTACI<\/span><\/h2>\n<p>[\/et_pb_text][et_pb_code admin_label=&#8221;Codice CONTATTACI&#8221; _builder_version=&#8221;4.27.4&#8243; custom_margin=&#8221;||||false|false&#8221; custom_padding=&#8221;||||false|false&#8221; global_colors_info=&#8221;{}&#8221;]<script type=\"text\/javascript\" src=\"https:\/\/form.jotformeu.com\/jsform\/90293187981367\"><\/script>[\/et_pb_code][\/et_pb_column][\/et_pb_row][\/et_pb_section]<\/p>\n","protected":false},"excerpt":{"rendered":"<p>Your Best Performance\u00a0Marketing and Leads Generation Campaign CHI SIAMO Leads Global \u00e8 una multinazionale specializzata nell\u2019aumentare le conversioni attraverso il digital marketing. Il nostro biglietto da visita \u00e9 il raggiungimento degli obiettivi dei nostri clienti. Attraverso specifici canali aumentiamo le vendite e l\u2019engagment delle loro campagne (database per Telemarketing, Sms, E-mail marketing, Social Ads, Coregistration, [&hellip;]<\/p>\n","protected":false},"author":1,"featured_media":0,"parent":0,"menu_order":0,"comment_status":"closed","ping_status":"closed","template":"","meta":{"_et_pb_use_builder":"on","_et_pb_old_content":"","_et_gb_content_width":"","footnotes":""},"class_list":["post-427","page","type-page","status-publish","hentry"],"_links":{"self":[{"href":"https:\/\/leadsglobal.com\/pt-br\/wp-json\/wp\/v2\/pages\/427","targetHints":{"allow":["GET"]}}],"collection":[{"href":"https:\/\/leadsglobal.com\/pt-br\/wp-json\/wp\/v2\/pages"}],"about":[{"href":"https:\/\/leadsglobal.com\/pt-br\/wp-json\/wp\/v2\/types\/page"}],"author":[{"embeddable":true,"href":"https:\/\/leadsglobal.com\/pt-br\/wp-json\/wp\/v2\/users\/1"}],"replies":[{"embeddable":true,"href":"https:\/\/leadsglobal.com\/pt-br\/wp-json\/wp\/v2\/comments?post=427"}],"version-history":[{"count":39,"href":"https:\/\/leadsglobal.com\/pt-br\/wp-json\/wp\/v2\/pages\/427\/revisions"}],"predecessor-version":[{"id":2975,"href":"https:\/\/leadsglobal.com\/pt-br\/wp-json\/wp\/v2\/pages\/427\/revisions\/2975"}],"wp:attachment":[{"href":"https:\/\/leadsglobal.com\/pt-br\/wp-json\/wp\/v2\/media?parent=427"}],"curies":[{"name":"wp","href":"https:\/\/api.w.org\/{rel}","templated":true}]}}