   
{"id":1120,"date":"2019-03-25T14:03:16","date_gmt":"2019-03-25T14:03:16","guid":{"rendered":"https:\/\/leadsglobal.com\/?page_id=1120"},"modified":"2019-03-25T14:03:16","modified_gmt":"2019-03-25T14:03:16","slug":"cookies-2","status":"publish","type":"page","link":"https:\/\/leadsglobal.com\/pt-br\/cookies-2\/","title":{"rendered":"Cookies"},"content":{"rendered":"<ul>\n<li style=\"list-style-type: none;\">\n<ul>\n<li style=\"list-style-type: none;\">\n<ul>\n<li><b><i><\/i><\/b><b><i>O que s\u00e3o cookies?<\/i><\/b><\/li>\n<\/ul>\n<\/li>\n<\/ul>\n<\/li>\n<\/ul>\n<p><b><i>Um cookie \u00e9 um ficheiro que \u00e9 descarregado no seu computador ao aceder a determinadas p\u00e1ginas web. Entre outras coisas, os cookies permitem a uma p\u00e1gina web armazenar e recuperar informa\u00e7\u00e3o relativamente aos h\u00e1bitos de navega\u00e7\u00e3o do utilizador, ou do seu computador. Podem servir para reconhecer o utilizador em fun\u00e7\u00e3o da informa\u00e7\u00e3o que contiverem e da forma como utiliza o seu computador. <span class=\"Apple-converted-space\">\u00a0<\/span><\/i><\/b><\/p>\n<p><b><i>Os Cookies que utilizamos s\u00e3o os seguintes:<\/i><\/b><\/p>\n<ul>\n<li><b><i><\/i><\/b><b><i>Cookies originais: S\u00e3o aqueles que s\u00e3o enviados para o equipamento terminal do utilizador a partir de um equipamento ou dom\u00ednio gerido pelo pr\u00f3prio editor e a partir do qual se presta o servi\u00e7o solicitado pelo utilizador.<\/i><\/b><\/li>\n<li><b><i><\/i><\/b><b><i>Cookies de terceiros: S\u00e3o aqueles que s\u00e3o enviados para o equipamento terminal do utilizador a partir de um equipamento ou dom\u00ednio que n\u00e3o \u00e9 gerido pelo editor, mas sim por outra entidade que trata os dados recolhidos atrav\u00e9s dos cookies.<span class=\"Apple-converted-space\">\u00a0<\/span><\/i><\/b><\/li>\n<li><b><i><\/i><\/b><b><i>Cookies de sess\u00e3o: S\u00e3o um tipo de cookies que recolhem e armazenam dados quando o utilizador acede a uma p\u00e1gina web. Cookies persistentes: S\u00e3o um tipo de cookies que guardam os dados no terminal de forma a poderem ser acedidos e tratados durante um per\u00edodo de tempo definido pelo respons\u00e1vel do cookie \u2013 de alguns minutos a v\u00e1rios anos.<\/i><\/b><b><i>\u00a0<\/i><\/b><\/li>\n<li><b><i><\/i><\/b><b><i>Cookies t\u00e9cnicos: S\u00e3o aqueles que permitem ao utilizador a navega\u00e7\u00e3o atrav\u00e9s de uma p\u00e1gina web, plataforma ou aplica\u00e7\u00e3o e a utiliza\u00e7\u00e3o das diferentes op\u00e7\u00f5es ou servi\u00e7os que nelas existam, por exemplo, controlar o tr\u00e1fego e a comunica\u00e7\u00e3o de dados, identificar a sess\u00e3o, aceder a partes de acesso restrito, recordar os elementos que fazem parte de um pedido, realizar o processo de compra de uma encomenda, realizar o pedido de registo ou participa\u00e7\u00e3o num evento, utilizar elementos de seguran\u00e7a durante a navega\u00e7\u00e3o, armazenar conte\u00fados para a difus\u00e3o de v\u00eddeo ou som, ou partilhar conte\u00fados atrav\u00e9s de redes sociais.<span class=\"Apple-converted-space\">\u00a0<\/span><\/i><\/b><\/li>\n<li><b><i><\/i><\/b><b><i>Cookies de personaliza\u00e7\u00e3o: S\u00e3o aqueles que permitem ao utilizador aceder ao servi\u00e7o com algumas caracter\u00edsticas de car\u00e1cter geral pr\u00e9-definidas em fun\u00e7\u00e3o de uma s\u00e9rie de crit\u00e9rios no terminal do utilizador, como por exemplo o idioma, o tipo de navegador atrav\u00e9s do qual acede ao servi\u00e7o, a configura\u00e7\u00e3o regional do local a partir do qual acede ao servi\u00e7o, etc.<\/i><\/b><\/li>\n<li><b><i><\/i><\/b><b><i>Cookies de an\u00e1lise: S\u00e3o aqueles que permitem ao respons\u00e1vel dos mesmos, o acompanhamento e an\u00e1lise do comportamento dos utilizadores dos websites aos quais se encontram vinculados. A informa\u00e7\u00e3o recolhida atrav\u00e9s deste tipo de cookies \u00e9 utilizada na medi\u00e7\u00e3o da atividade dos websites, aplica\u00e7\u00e3o ou plataforma e na elabora\u00e7\u00e3o de perfis de navega\u00e7\u00e3o dos utilizadores dos referidos sites, aplica\u00e7\u00f5es e plataformas, com o objetivo de introduzir melhorias em fun\u00e7\u00e3o da an\u00e1lise dos dados de utiliza\u00e7\u00e3o dos utilizadores do servi\u00e7o.<\/i><\/b><\/li>\n<li><b><i><\/i><\/b><b><i>Cookies publicit\u00e1rios: S\u00e3o aqueles que permitem a gest\u00e3o, da forma mais eficaz poss\u00edvel, dos espa\u00e7os publicit\u00e1rios que, se os houver, o editor tenha inclu\u00eddo numa p\u00e1gina web, aplica\u00e7\u00e3o ou plataforma que presta o servi\u00e7o solicitado, com base em crit\u00e9rios como o conte\u00fado editado ou a frequ\u00eancia com que se exibem os an\u00fancios.<\/i><\/b><\/li>\n<li><b><i><\/i><\/b><b><i>Cookies de publicidade comportamental: S\u00e3o aqueles que permitem a gest\u00e3o, da forma mais eficaz poss\u00edvel, dos espa\u00e7os publicit\u00e1rios que, se os houver, o editor tenha inclu\u00eddo numa p\u00e1gina web, aplica\u00e7\u00e3o ou plataforma que presta o servi\u00e7o solicitado. Estes cookies armazenam informa\u00e7\u00e3o sobre o comportamento dos utilizadores, obtida atrav\u00e9s da observa\u00e7\u00e3o continuada dos seus h\u00e1bitos de navega\u00e7\u00e3o, o que permite criar um perfil espec\u00edfico para exibir publicidade em fun\u00e7\u00e3o do mesmo.<span class=\"Apple-converted-space\">\u00a0<\/span><\/i><\/b><\/li>\n<\/ul>\n<p><b><i>Os cookies utilizados nesta p\u00e1gina web s\u00e3o:<\/i><\/b><\/p>\n<table cellspacing=\"0\" cellpadding=\"0\">\n<tbody>\n<tr>\n<td colspan=\"4\" valign=\"middle\"><b><i>COOKIES ORIGINAIS<\/i><\/b><\/td>\n<\/tr>\n<tr>\n<td valign=\"middle\"><b><i>Dom\u00ednio no qual \u00e9 inclu\u00eddo o cookie<\/i><\/b><\/td>\n<td valign=\"middle\"><b><i>Nome<\/i><\/b><\/td>\n<td valign=\"middle\"><b><i>Finalidade<\/i><\/b><\/td>\n<td valign=\"middle\"><b><i>Mais informa\u00e7\u00e3o<\/i><\/b><\/td>\n<\/tr>\n<\/tbody>\n<\/table>\n<table cellspacing=\"0\" cellpadding=\"0\">\n<tbody>\n<tr>\n<td colspan=\"4\" valign=\"middle\"><b><i>COOKIES DE TERCEIROS<\/i><\/b><\/td>\n<\/tr>\n<tr>\n<td valign=\"middle\"><b><i>Dom\u00ednio no qual \u00e9 inclu\u00eddo o cookie<\/i><\/b><\/td>\n<td valign=\"middle\"><b><i>Nome<\/i><\/b><\/td>\n<td valign=\"middle\"><b><i>Finalidade<\/i><\/b><\/td>\n<td valign=\"middle\"><b><i>Mais informa\u00e7\u00e3o<\/i><\/b><\/td>\n<\/tr>\n<\/tbody>\n<\/table>\n<p><b><i>A qualquer momento poder\u00e1 permitir, bloquear ou eliminar os cookies instalados no seu equipamento atrav\u00e9s da configura\u00e7\u00e3o das op\u00e7\u00f5es do navegador instalado no seu computador:<\/i><\/b><\/p>\n<ul>\n<li><b><i><\/i><\/b><b><i>Google Chrome: Como gerir Cookies e Dados de sites.<\/i><\/b><\/li>\n<li><b><i><\/i><\/b><b><i>Firefox: Ativar e Desativar cookies que os websites utilizam para monitorizar as suas prefer\u00eancias.<span class=\"Apple-converted-space\">\u00a0<\/span><\/i><\/b><\/li>\n<li><b><i><\/i><\/b><b><i>Internet Explorer: Bloquear ou permitir Cookies.<\/i><\/b><\/li>\n<li><b><i><\/i><\/b><b><i>Safari: Navegar na Internet. Sec\u00e7\u00e3o Proteger a informa\u00e7\u00e3o pessoal (no final da p\u00e1gina).<\/i><\/b><\/li>\n<\/ul>\n","protected":false},"excerpt":{"rendered":"<p>O que s\u00e3o cookies? Um cookie \u00e9 um ficheiro que \u00e9 descarregado no seu computador ao aceder a determinadas p\u00e1ginas web. Entre outras coisas, os cookies permitem a uma p\u00e1gina web armazenar e recuperar informa\u00e7\u00e3o relativamente aos h\u00e1bitos de navega\u00e7\u00e3o do utilizador, ou do seu computador. Podem servir para reconhecer o utilizador em fun\u00e7\u00e3o da [&hellip;]<\/p>\n","protected":false},"author":2,"featured_media":0,"parent":0,"menu_order":0,"comment_status":"closed","ping_status":"closed","template":"","meta":{"_et_pb_use_builder":"","_et_pb_old_content":"","_et_gb_content_width":"","footnotes":""},"class_list":["post-1120","page","type-page","status-publish","hentry"],"_links":{"self":[{"href":"https:\/\/leadsglobal.com\/pt-br\/wp-json\/wp\/v2\/pages\/1120","targetHints":{"allow":["GET"]}}],"collection":[{"href":"https:\/\/leadsglobal.com\/pt-br\/wp-json\/wp\/v2\/pages"}],"about":[{"href":"https:\/\/leadsglobal.com\/pt-br\/wp-json\/wp\/v2\/types\/page"}],"author":[{"embeddable":true,"href":"https:\/\/leadsglobal.com\/pt-br\/wp-json\/wp\/v2\/users\/2"}],"replies":[{"embeddable":true,"href":"https:\/\/leadsglobal.com\/pt-br\/wp-json\/wp\/v2\/comments?post=1120"}],"version-history":[{"count":1,"href":"https:\/\/leadsglobal.com\/pt-br\/wp-json\/wp\/v2\/pages\/1120\/revisions"}],"predecessor-version":[{"id":1121,"href":"https:\/\/leadsglobal.com\/pt-br\/wp-json\/wp\/v2\/pages\/1120\/revisions\/1121"}],"wp:attachment":[{"href":"https:\/\/leadsglobal.com\/pt-br\/wp-json\/wp\/v2\/media?parent=1120"}],"curies":[{"name":"wp","href":"https:\/\/api.w.org\/{rel}","templated":true}]}}