   
{"id":1118,"date":"2019-03-25T14:01:18","date_gmt":"2019-03-25T14:01:18","guid":{"rendered":"https:\/\/leadsglobal.com\/?page_id=1118"},"modified":"2019-03-25T14:01:44","modified_gmt":"2019-03-25T14:01:44","slug":"politica-de-privacidade-2","status":"publish","type":"page","link":"https:\/\/leadsglobal.com\/pt-br\/politica-de-privacidade-2\/","title":{"rendered":"Pol\u00edtica de Privacidade"},"content":{"rendered":"<div>Em cumprimento do Regulamento Geral sobre a Prote\u00e7\u00e3o de Dados (RGPD), informamos que em cada formul\u00e1rio de registo colocado \u00e0 sua disposi\u00e7\u00e3o, receber\u00e1 pr\u00e9via e devida informa\u00e7\u00e3o sobre:<\/div>\n<div><\/div>\n<div>\u2022A identidade e os dados de contacto do respons\u00e1vel de tratamento de dados;<\/div>\n<div>\u2022Os dados de contacto do delegado de prote\u00e7\u00e3o de dados, quando exista;<\/div>\n<div>\u2022As finalidades do tratamento a que destinam os dados pessoas e a base jur\u00eddica do tratamento dos mesmos;<\/div>\n<div>\u2022Os destinat\u00e1rios ou das categorias de destinat\u00e1rios dos dados pessoas, quando existam;<\/div>\n<div>\u2022Qualquer outra informa\u00e7\u00e3o sobre prote\u00e7\u00e3o de dados pessoas que considerarmos conveniente em cada momento.<\/div>\n","protected":false},"excerpt":{"rendered":"<p>Em cumprimento do Regulamento Geral sobre a Prote\u00e7\u00e3o de Dados (RGPD), informamos que em cada formul\u00e1rio de registo colocado \u00e0 sua disposi\u00e7\u00e3o, receber\u00e1 pr\u00e9via e devida informa\u00e7\u00e3o sobre: \u2022A identidade e os dados de contacto do respons\u00e1vel de tratamento de dados; \u2022Os dados de contacto do delegado de prote\u00e7\u00e3o de dados, quando exista; \u2022As finalidades [&hellip;]<\/p>\n","protected":false},"author":2,"featured_media":0,"parent":0,"menu_order":0,"comment_status":"closed","ping_status":"closed","template":"","meta":{"_et_pb_use_builder":"","_et_pb_old_content":"","_et_gb_content_width":"","footnotes":""},"class_list":["post-1118","page","type-page","status-publish","hentry"],"_links":{"self":[{"href":"https:\/\/leadsglobal.com\/pt-br\/wp-json\/wp\/v2\/pages\/1118","targetHints":{"allow":["GET"]}}],"collection":[{"href":"https:\/\/leadsglobal.com\/pt-br\/wp-json\/wp\/v2\/pages"}],"about":[{"href":"https:\/\/leadsglobal.com\/pt-br\/wp-json\/wp\/v2\/types\/page"}],"author":[{"embeddable":true,"href":"https:\/\/leadsglobal.com\/pt-br\/wp-json\/wp\/v2\/users\/2"}],"replies":[{"embeddable":true,"href":"https:\/\/leadsglobal.com\/pt-br\/wp-json\/wp\/v2\/comments?post=1118"}],"version-history":[{"count":1,"href":"https:\/\/leadsglobal.com\/pt-br\/wp-json\/wp\/v2\/pages\/1118\/revisions"}],"predecessor-version":[{"id":1119,"href":"https:\/\/leadsglobal.com\/pt-br\/wp-json\/wp\/v2\/pages\/1118\/revisions\/1119"}],"wp:attachment":[{"href":"https:\/\/leadsglobal.com\/pt-br\/wp-json\/wp\/v2\/media?parent=1118"}],"curies":[{"name":"wp","href":"https:\/\/api.w.org\/{rel}","templated":true}]}}