   
{"id":304,"date":"2019-01-29T15:37:24","date_gmt":"2019-01-29T15:37:24","guid":{"rendered":"https:\/\/leadsglobal.com\/home\/"},"modified":"2025-12-30T09:51:56","modified_gmt":"2025-12-30T09:51:56","slug":"home","status":"publish","type":"page","link":"https:\/\/leadsglobal.com\/es\/","title":{"rendered":"Home"},"content":{"rendered":"<p>[et_pb_section fb_built=\u00bb1&#8243; fullwidth=\u00bbon\u00bb module_class=\u00bbslider-home\u00bb _builder_version=\u00bb4.16&#8243; background_color=\u00bb#1a1f28&#8243; background_image=\u00bbhttps:\/\/leadsglobal.com\/wp-content\/uploads\/2019\/01\/performance-home.png\u00bb global_colors_info=\u00bb{}\u00bb][et_pb_fullwidth_slider admin_label=\u00bbSlider principal\u00bb _builder_version=\u00bb4.27.4&#8243; background_color=\u00bb#000000&#8243; custom_button=\u00bbon\u00bb button_use_icon=\u00bboff\u00bb custom_padding=\u00bb30%||35%\u00bb hover_enabled=\u00bb0&#8243; global_colors_info=\u00bb{}\u00bb link_option_url=\u00bb#contattaci\u00bb sticky_enabled=\u00bb0&#8243;][et_pb_slide button_text=\u00bb\u00a1Cont\u00e1ctanos!\u00bb _builder_version=\u00bb4.27.4&#8243; header_level=\u00bbh2&#8243; header_font=\u00bb|700|||||||\u00bb header_text_align=\u00bbcenter\u00bb header_text_color=\u00bb#ffffff\u00bb header_font_size=\u00bb44px\u00bb body_font=\u00bb||||||||\u00bb background_color=\u00bb#1a1f28&#8243; background_image=\u00bbhttps:\/\/leadsglobal.com\/wp-content\/uploads\/2019\/01\/performance-home.png\u00bb background_position=\u00bbcenter_left\u00bb text_orientation=\u00bbcenter\u00bb hover_enabled=\u00bb0&#8243; global_colors_info=\u00bb{}\u00bb sticky_transition=\u00bbon\u00bb button_link=\u00bb#contattaci\u00bb sticky_enabled=\u00bb0&#8243;]<\/p>\n<h1><strong>Your Best <span style=\"color: #e34b3e;\">Performance<\/span> marketing and leads generation Campaign<\/strong><\/h1>\n<p>[\/et_pb_slide][\/et_pb_fullwidth_slider][\/et_pb_section][et_pb_section fb_built=\u00bb1&#8243; custom_padding_last_edited=\u00bbon|phone\u00bb _builder_version=\u00bb4.16&#8243; background_image=\u00bbhttps:\/\/leadsglobal.com\/wp-content\/uploads\/2019\/01\/fondo-chi-siamo.png\u00bb custom_padding=\u00bb91px|0px|151px|0px|false|false\u00bb custom_padding_tablet=\u00bb||70px\u00bb custom_padding_phone=\u00bb||90px\u00bb custom_css_main_element=\u00bbbackground-position:bottom;\u00bb global_colors_info=\u00bb{}\u00bb][et_pb_row module_id=\u00bbchisiamo\u00bb _builder_version=\u00bb4.16&#8243; max_width=\u00bb940px\u00bb custom_margin=\u00bb-150px||\u00bb custom_margin_tablet=\u00bb-70px||\u00bb custom_margin_phone=\u00bb-90px||\u00bb custom_margin_last_edited=\u00bbon|phone\u00bb use_custom_width=\u00bbon\u00bb custom_width_px=\u00bb940px\u00bb global_colors_info=\u00bb{}\u00bb][et_pb_column type=\u00bb4_4&#8243; _builder_version=\u00bb4.16&#8243; custom_padding=\u00bb|||\u00bb global_colors_info=\u00bb{}\u00bb custom_padding__hover=\u00bb|||\u00bb][et_pb_text admin_label=\u00bbSobre nosotros\u00bb module_class=\u00bbtitulo\u00bb _builder_version=\u00bb4.16&#8243; header_2_font=\u00bb|700|||||||\u00bb header_2_text_align=\u00bbcenter\u00bb text_orientation=\u00bbcenter\u00bb background_layout=\u00bbdark\u00bb global_colors_info=\u00bb{}\u00bb]<\/p>\n<h2><b>QUI\u00c9NES SOMOS<\/b><\/h2>\n<p>&nbsp;<\/p>\n<p><span style=\"font-weight: 400;\">Leads Global es una multinacional especializada en aumentar la conversi\u00f3n mediante el digital marketing. <\/span><\/p>\n<p><span style=\"font-weight: 400;\">Nuestra carta de presentaci\u00f3n es el cumplimiento de los objetivos fijados por nuestros clientes. <\/span><\/p>\n<p><span style=\"font-weight: 400;\">Mediante los canales espec\u00edficos aumentamos las ventas y el rendimiento de sus campa\u00f1as (Bases de datos para Telemarketing, Sms, E-mail marketing, Social Marketing, Co-registro, Display, Interactive Voice Response, Affiliate Network, Data Enrichment etc. \u2026)<\/span><\/p>\n<p><span style=\"font-weight: 400;\"><\/span><\/p>\n<p><span style=\"font-weight: 400;\"><\/span><\/p>\n<p>[\/et_pb_text][\/et_pb_column][\/et_pb_row][\/et_pb_section][et_pb_section fb_built=\u00bb1&#8243; _builder_version=\u00bb4.16&#8243; custom_margin_tablet=\u00bb\u00bb custom_margin_phone=\u00bb||\u00bb custom_margin_last_edited=\u00bbon|phone\u00bb global_colors_info=\u00bb{}\u00bb][et_pb_row _builder_version=\u00bb4.16&#8243; max_width=\u00bb755px\u00bb custom_margin_tablet=\u00bb-50px||\u00bb custom_margin_phone=\u00bb-60px||\u00bb custom_margin_last_edited=\u00bbon|tablet\u00bb use_custom_width=\u00bbon\u00bb custom_width_px=\u00bb755px\u00bb global_colors_info=\u00bb{}\u00bb][et_pb_column type=\u00bb4_4&#8243; _builder_version=\u00bb4.16&#8243; custom_padding=\u00bb|||\u00bb global_colors_info=\u00bb{}\u00bb custom_padding__hover=\u00bb|||\u00bb][et_pb_text admin_label=\u00bbNuestro servicio\u00bb module_class=\u00bbtitulo\u00bb _builder_version=\u00bb4.16&#8243; header_2_font=\u00bb|700|||||||\u00bb header_2_text_align=\u00bbcenter\u00bb text_orientation=\u00bbcenter\u00bb global_colors_info=\u00bb{}\u00bb]<\/p>\n<h2>Nuestros mejores servicios<\/h2>\n<p><span style=\"font-size: 16px;\">\u00a0<\/span><\/p>\n<p><span style=\"font-size: 16px;\"><span style=\"font-weight: 400;\">Millones de n\u00fameros M\u00d3VILES pose\u00eddos, actualizados, garantizados y comprobados para generar clientes potenciales de calidad y m\u00e1s de 10 millones de datos personales (de listas de partners)<\/span><\/span><\/p>\n<p>[\/et_pb_text][\/et_pb_column][\/et_pb_row][et_pb_row column_structure=\u00bb1_3,1_3,1_3&#8243; use_custom_gutter=\u00bbon\u00bb gutter_width=\u00bb2&#8243; _builder_version=\u00bb4.16&#8243; global_colors_info=\u00bb{}\u00bb][et_pb_column type=\u00bb1_3&#8243; _builder_version=\u00bb4.16&#8243; custom_padding=\u00bb|||\u00bb global_colors_info=\u00bb{}\u00bb custom_padding__hover=\u00bb|||\u00bb][et_pb_image src=\u00bbhttps:\/\/leadsglobal.com\/wp-content\/uploads\/2019\/02\/telemarketing.png\u00bb align=\u00bbcenter\u00bb align_tablet=\u00bbcenter\u00bb align_phone=\u00bb\u00bb align_last_edited=\u00bbon|desktop\u00bb _builder_version=\u00bb4.16&#8243; global_colors_info=\u00bb{}\u00bb]<\/p>\n<p>&nbsp;<\/p>\n<p>[\/et_pb_image][et_pb_text admin_label=\u00bbtesto\u00bb _builder_version=\u00bb4.16&#8243; text_letter_spacing=\u00bb-0.5px\u00bb header_font=\u00bb|700|||||||\u00bb header_2_font=\u00bb|700|||||||\u00bb header_2_text_align=\u00bbcenter\u00bb header_2_text_color=\u00bb#e34b3e\u00bb text_orientation=\u00bbcenter\u00bb global_colors_info=\u00bb{}\u00bb]<\/p>\n<h2>Telemarketing<\/h2>\n<p><span style=\"font-weight: 400;\">Millones de n\u00fameros actualizados y validados para generar clientes potenciales de calidad.<\/span><\/p>\n<p>[\/et_pb_text][\/et_pb_column][et_pb_column type=\u00bb1_3&#8243; _builder_version=\u00bb4.16&#8243; custom_padding=\u00bb|||\u00bb global_colors_info=\u00bb{}\u00bb custom_padding__hover=\u00bb|||\u00bb][et_pb_image src=\u00bbhttps:\/\/leadsglobal.com\/wp-content\/uploads\/2019\/03\/call-1.png\u00bb align=\u00bbcenter\u00bb align_tablet=\u00bbcenter\u00bb align_phone=\u00bb\u00bb align_last_edited=\u00bbon|desktop\u00bb _builder_version=\u00bb4.16&#8243; global_colors_info=\u00bb{}\u00bb]<\/p>\n<p>&nbsp;<\/p>\n<p>[\/et_pb_image][et_pb_text admin_label=\u00bbSMS\u00bb _builder_version=\u00bb4.16&#8243; text_letter_spacing=\u00bb-0.5px\u00bb header_font=\u00bb|700|||||||\u00bb header_2_font=\u00bb|700|||||||\u00bb header_2_text_align=\u00bbcenter\u00bb header_2_text_color=\u00bb#e34b3e\u00bb text_orientation=\u00bbcenter\u00bb global_colors_info=\u00bb{}\u00bb]<\/p>\n<h2>Call center<\/h2>\n<p><span style=\"font-weight: 400;\">Trabajamos a \u00e9xito con bases de datos propias como de nuestros clientes, para un tratamiento de datos personalizado en los idiomas y horarios necesarios, para ofrecer un rendimiento \u00f3ptimo.<\/span><\/p>\n<p>[\/et_pb_text][\/et_pb_column][et_pb_column type=\u00bb1_3&#8243; _builder_version=\u00bb4.16&#8243; custom_padding=\u00bb|||\u00bb global_colors_info=\u00bb{}\u00bb custom_padding__hover=\u00bb|||\u00bb][et_pb_image src=\u00bbhttps:\/\/leadsglobal.com\/wp-content\/uploads\/2019\/02\/sms.png\u00bb align=\u00bbcenter\u00bb align_tablet=\u00bbcenter\u00bb align_phone=\u00bb\u00bb align_last_edited=\u00bbon|desktop\u00bb _builder_version=\u00bb4.16&#8243; global_colors_info=\u00bb{}\u00bb]<\/p>\n<p>&nbsp;<\/p>\n<p>[\/et_pb_image][et_pb_text _builder_version=\u00bb4.16&#8243; text_font=\u00bb||||||||\u00bb header_font=\u00bb|700|||||||\u00bb header_2_font=\u00bb|700|||||||\u00bb header_2_text_align=\u00bbcenter\u00bb header_2_text_color=\u00bb#e34b3e\u00bb text_orientation=\u00bbcenter\u00bb global_colors_info=\u00bb{}\u00bb]<\/p>\n<h2>SMS<\/h2>\n<p><span style=\"font-weight: 400;\">Plataforma exclusiva para envIar SMS, junto con una gran base de datos B2C.<\/span><\/p>\n<p>[\/et_pb_text][\/et_pb_column][\/et_pb_row][et_pb_row column_structure=\u00bb1_3,1_3,1_3&#8243; use_custom_gutter=\u00bbon\u00bb gutter_width=\u00bb2&#8243; _builder_version=\u00bb4.16&#8243; global_colors_info=\u00bb{}\u00bb][et_pb_column type=\u00bb1_3&#8243; _builder_version=\u00bb4.16&#8243; custom_padding=\u00bb|||\u00bb global_colors_info=\u00bb{}\u00bb custom_padding__hover=\u00bb|||\u00bb][et_pb_image src=\u00bbhttps:\/\/leadsglobal.com\/wp-content\/uploads\/2019\/03\/affil.png\u00bb align=\u00bbcenter\u00bb align_tablet=\u00bbcenter\u00bb align_phone=\u00bb\u00bb align_last_edited=\u00bbon|desktop\u00bb _builder_version=\u00bb4.16&#8243; global_colors_info=\u00bb{}\u00bb]<\/p>\n<p>&nbsp;<\/p>\n<p>[\/et_pb_image][et_pb_text admin_label=\u00bbSMS\u00bb _builder_version=\u00bb4.16&#8243; text_letter_spacing=\u00bb-0.5px\u00bb header_font=\u00bb|700|||||||\u00bb header_2_font=\u00bb|700|||||||\u00bb header_2_text_align=\u00bbcenter\u00bb header_2_text_color=\u00bb#e34b3e\u00bb text_orientation=\u00bbcenter\u00bb global_colors_info=\u00bb{}\u00bb]<\/p>\n<h2>Red de afiliados<\/h2>\n<p><span style=\"font-weight: 400;\">Una amplia red de afiliados construida con relaciones s\u00f3lidas y duraderas.<\/span><\/p>\n<p>[\/et_pb_text][\/et_pb_column][et_pb_column type=\u00bb1_3&#8243; _builder_version=\u00bb4.16&#8243; custom_padding=\u00bb|||\u00bb global_colors_info=\u00bb{}\u00bb custom_padding__hover=\u00bb|||\u00bb][et_pb_image src=\u00bbhttps:\/\/leadsglobal.com\/wp-content\/uploads\/2019\/03\/mone.png\u00bb align=\u00bbcenter\u00bb align_tablet=\u00bbcenter\u00bb align_phone=\u00bb\u00bb align_last_edited=\u00bbon|desktop\u00bb _builder_version=\u00bb4.16&#8243; global_colors_info=\u00bb{}\u00bb]<\/p>\n<p>&nbsp;<\/p>\n<p>[\/et_pb_image][et_pb_text admin_label=\u00bbtesto\u00bb _builder_version=\u00bb4.16&#8243; text_letter_spacing=\u00bb-0.5px\u00bb header_font=\u00bb|700|||||||\u00bb header_2_font=\u00bb|700|||||||\u00bb header_2_text_align=\u00bbcenter\u00bb header_2_text_color=\u00bb#e34b3e\u00bb text_orientation=\u00bbcenter\u00bb global_colors_info=\u00bb{}\u00bb]<\/p>\n<h2>Monetizaci\u00f3n<\/h2>\n<p><span style=\"font-weight: 400;\">\u00bfTiene una base de datos de correos electr\u00f3nicos o tel\u00e9fonos m\u00f3viles y le gustar\u00eda obtener un alto beneficio? Aumente y rentabilice su base de datos con estrategias a medida.<\/span><\/p>\n<p>[\/et_pb_text][\/et_pb_column][et_pb_column type=\u00bb1_3&#8243; _builder_version=\u00bb4.16&#8243; custom_padding=\u00bb|||\u00bb global_colors_info=\u00bb{}\u00bb custom_padding__hover=\u00bb|||\u00bb][et_pb_image src=\u00bbhttps:\/\/leadsglobal.com\/wp-content\/uploads\/2019\/02\/social.png\u00bb align=\u00bbcenter\u00bb align_tablet=\u00bbcenter\u00bb align_phone=\u00bb\u00bb align_last_edited=\u00bbon|desktop\u00bb _builder_version=\u00bb4.16&#8243; global_colors_info=\u00bb{}\u00bb]<\/p>\n<p>&nbsp;<\/p>\n<p>[\/et_pb_image][et_pb_text _builder_version=\u00bb4.16&#8243; text_font=\u00bb||||||||\u00bb header_font=\u00bb|700|||||||\u00bb header_2_font=\u00bb|700|||||||\u00bb header_2_text_align=\u00bbcenter\u00bb header_2_text_color=\u00bb#e34b3e\u00bb text_orientation=\u00bbcenter\u00bb global_colors_info=\u00bb{}\u00bb]<\/p>\n<h2>Social ADV<\/h2>\n<p><span style=\"font-weight: 400;\">Llegue a la audiencia en funci\u00f3n a sus intereses espec\u00edficos incrementando as\u00ed sus conversiones<\/span><\/p>\n<p>[\/et_pb_text][\/et_pb_column][\/et_pb_row][et_pb_row column_structure=\u00bb1_3,1_3,1_3&#8243; use_custom_gutter=\u00bbon\u00bb gutter_width=\u00bb2&#8243; _builder_version=\u00bb4.16&#8243; global_colors_info=\u00bb{}\u00bb][et_pb_column type=\u00bb1_3&#8243; _builder_version=\u00bb4.16&#8243; custom_padding=\u00bb|||\u00bb global_colors_info=\u00bb{}\u00bb custom_padding__hover=\u00bb|||\u00bb][et_pb_image src=\u00bbhttps:\/\/leadsglobal.com\/wp-content\/uploads\/2019\/02\/ivr.png\u00bb align=\u00bbcenter\u00bb align_tablet=\u00bbcenter\u00bb align_phone=\u00bb\u00bb align_last_edited=\u00bbon|desktop\u00bb _builder_version=\u00bb4.16&#8243; global_colors_info=\u00bb{}\u00bb]<\/p>\n<p>&nbsp;<\/p>\n<p>[\/et_pb_image][et_pb_text admin_label=\u00bbtesto\u00bb _builder_version=\u00bb4.16&#8243; text_letter_spacing=\u00bb-0.5px\u00bb header_font=\u00bb|700|||||||\u00bb header_2_font=\u00bb|700|||||||\u00bb header_2_text_align=\u00bbcenter\u00bb header_2_text_color=\u00bb#e34b3e\u00bb text_orientation=\u00bbcenter\u00bb global_colors_info=\u00bb{}\u00bb]<\/p>\n<h2>Datos en tiempo real<\/h2>\n<p><span style=\"font-weight: 400;\">Convi\u00e9rtase en copropietario de los datos que recopilamos, programe seg\u00fan sus necesidades y obtenga datos recientes y actualizados.<\/span><\/p>\n<p>[\/et_pb_text][\/et_pb_column][et_pb_column type=\u00bb1_3&#8243; _builder_version=\u00bb4.16&#8243; custom_padding=\u00bb|||\u00bb global_colors_info=\u00bb{}\u00bb custom_padding__hover=\u00bb|||\u00bb][\/et_pb_column][et_pb_column type=\u00bb1_3&#8243; _builder_version=\u00bb4.16&#8243; custom_padding=\u00bb|||\u00bb global_colors_info=\u00bb{}\u00bb custom_padding__hover=\u00bb|||\u00bb][et_pb_image src=\u00bbhttps:\/\/leadsglobal.com\/wp-content\/uploads\/2019\/09\/iclg.png\u00bb align=\u00bbcenter\u00bb align_tablet=\u00bbcenter\u00bb align_phone=\u00bb\u00bb align_last_edited=\u00bbon|desktop\u00bb _builder_version=\u00bb4.16&#8243; global_colors_info=\u00bb{}\u00bb]<\/p>\n<p>&nbsp;<\/p>\n<p>[\/et_pb_image][et_pb_text admin_label=\u00bbtesto\u00bb _builder_version=\u00bb4.16&#8243; text_letter_spacing=\u00bb-0.5px\u00bb header_font=\u00bb|700|||||||\u00bb header_2_font=\u00bb|700|||||||\u00bb header_2_text_align=\u00bbcenter\u00bb header_2_text_color=\u00bb#e34b3e\u00bb text_orientation=\u00bbcenter\u00bb global_colors_info=\u00bb{}\u00bb]<\/p>\n<h2>Anunciantes<\/h2>\n<h2><span style=\"font-size: 16px; color: #1a1f28; font-weight: 500;\">Gestionamos diferentes fuentes de tr\u00e1fico para nuestros clientes. Tenemos un equipo especializado en cada mercado que capturar\u00e1 los clientes potenciales que su empresa necesita.<\/span><\/h2>\n<p>[\/et_pb_text][\/et_pb_column][\/et_pb_row][et_pb_row _builder_version=\u00bb4.16&#8243; global_colors_info=\u00bb{}\u00bb][et_pb_column type=\u00bb4_4&#8243; _builder_version=\u00bb4.16&#8243; custom_padding=\u00bb|||\u00bb global_colors_info=\u00bb{}\u00bb custom_padding__hover=\u00bb|||\u00bb][et_pb_button button_text=\u00bbDescubre nuestros servicios\u00bb button_alignment=\u00bbcenter\u00bb admin_label=\u00bbBot\u00f3n m\u00e1s info servicios\u00bb _builder_version=\u00bb4.16&#8243; custom_button=\u00bbon\u00bb button_text_color=\u00bb#ffffff\u00bb button_use_icon=\u00bboff\u00bb custom_margin=\u00bb||\u00bb custom_padding=\u00bb0px||0px|\u00bb global_colors_info=\u00bb{}\u00bb]<\/p>\n<p>&nbsp;<\/p>\n<p>[\/et_pb_button][\/et_pb_column][\/et_pb_row][\/et_pb_section][et_pb_section fb_built=\u00bb1&#8243; prev_background_color=\u00bb#ffffff\u00bb module_id=\u00bbcontattaci\u00bb _builder_version=\u00bb4.27.4&#8243; background_color=\u00bb#1a1f28&#8243; width=\u00bb100%\u00bb max_height=\u00bb350px\u00bb custom_padding=\u00bb57px|0px|0|0px|false|false\u00bb top_divider_style=\u00bbarrow\u00bb top_divider_height=\u00bb62px\u00bb hover_enabled=\u00bb0&#8243; custom_css_main_element=\u00bbbackground-position:top;\u00bb global_module=\u00bb1059&#8243; global_colors_info=\u00bb{}\u00bb sticky_enabled=\u00bb0&#8243;][et_pb_row use_custom_gutter=\u00bbon\u00bb gutter_width=\u00bb1&#8243; module_class=\u00bb et_pb_row_fullwidth et_pb_row_fullwidth\u00bb _builder_version=\u00bb4.16&#8243; width=\u00bb100%\u00bb width_tablet=\u00bb100%\u00bb width_phone=\u00bb\u00bb width_last_edited=\u00bbon|desktop\u00bb max_width=\u00bb100%\u00bb max_width_tablet=\u00bb100%\u00bb max_width_phone=\u00bb\u00bb max_width_last_edited=\u00bbon|desktop\u00bb custom_padding=\u00bb27px|0px|0|0px|false|false\u00bb make_fullwidth=\u00bbon\u00bb global_colors_info=\u00bb{}\u00bb][et_pb_column type=\u00bb4_4&#8243; _builder_version=\u00bb4.16&#8243; custom_padding=\u00bb|||\u00bb global_colors_info=\u00bb{}\u00bb custom_padding__hover=\u00bb|||\u00bb][et_pb_text admin_label=\u00bbTesto CONTATTACI\u00bb module_class=\u00bbtitulo\u00bb _builder_version=\u00bb4.16&#8243; header_2_font=\u00bb|700|||||||\u00bb header_2_text_align=\u00bbcenter\u00bb header_2_text_color=\u00bb#ffffff\u00bb custom_margin=\u00bb30px||\u00bb global_colors_info=\u00bb{}\u00bb]<\/p>\n<h2>CONTACTO<\/h2>\n<p>[\/et_pb_text][et_pb_code admin_label=\u00bbC\u00f3digo Contacto\u00bb module_id=\u00bbind_cont_es\u00bb _builder_version=\u00bb4.26.1&#8243; custom_margin=\u00bb0px|0px|20px|0px|false|false\u00bb custom_padding=\u00bb0px|0px|20px|0px|false|false\u00bb global_colors_info=\u00bb{}\u00bb]<script type=\"text\/javascript\" src=\"https:\/\/form.jotformeu.com\/jsform\/90784916229367\"><\/script>[\/et_pb_code][\/et_pb_column][\/et_pb_row][\/et_pb_section]<\/p>\n","protected":false},"excerpt":{"rendered":"<p>Your Best Performance marketing and leads generation CampaignQUI\u00c9NES SOMOS &nbsp; Leads Global es una multinacional especializada en aumentar la conversi\u00f3n mediante el digital marketing. Nuestra carta de presentaci\u00f3n es el cumplimiento de los objetivos fijados por nuestros clientes. Mediante los canales espec\u00edficos aumentamos las ventas y el rendimiento de sus campa\u00f1as (Bases de datos para [&hellip;]<\/p>\n","protected":false},"author":1,"featured_media":0,"parent":0,"menu_order":0,"comment_status":"closed","ping_status":"closed","template":"","meta":{"_et_pb_use_builder":"on","_et_pb_old_content":"","_et_gb_content_width":"","footnotes":""},"class_list":["post-304","page","type-page","status-publish","hentry"],"_links":{"self":[{"href":"https:\/\/leadsglobal.com\/es\/wp-json\/wp\/v2\/pages\/304","targetHints":{"allow":["GET"]}}],"collection":[{"href":"https:\/\/leadsglobal.com\/es\/wp-json\/wp\/v2\/pages"}],"about":[{"href":"https:\/\/leadsglobal.com\/es\/wp-json\/wp\/v2\/types\/page"}],"author":[{"embeddable":true,"href":"https:\/\/leadsglobal.com\/es\/wp-json\/wp\/v2\/users\/1"}],"replies":[{"embeddable":true,"href":"https:\/\/leadsglobal.com\/es\/wp-json\/wp\/v2\/comments?post=304"}],"version-history":[{"count":23,"href":"https:\/\/leadsglobal.com\/es\/wp-json\/wp\/v2\/pages\/304\/revisions"}],"predecessor-version":[{"id":2922,"href":"https:\/\/leadsglobal.com\/es\/wp-json\/wp\/v2\/pages\/304\/revisions\/2922"}],"wp:attachment":[{"href":"https:\/\/leadsglobal.com\/es\/wp-json\/wp\/v2\/media?parent=304"}],"curies":[{"name":"wp","href":"https:\/\/api.w.org\/{rel}","templated":true}]}}