   
{"id":1124,"date":"2019-03-25T14:07:02","date_gmt":"2019-03-25T14:07:02","guid":{"rendered":"https:\/\/leadsglobal.com\/?page_id=1124"},"modified":"2019-11-28T16:36:04","modified_gmt":"2019-11-28T16:36:04","slug":"aviso-legal-2","status":"publish","type":"page","link":"https:\/\/leadsglobal.com\/es\/aviso-legal-2\/","title":{"rendered":"Aviso Legal"},"content":{"rendered":"<h3><strong>\u00bfQUIENES SOMOS?<\/strong><\/h3>\n<p>En cumplimiento de las obligaciones establecidas en el art\u00edculo 10 de la Ley 34\/2002, LSSI, se procede a<br \/>\ninformar al visitante que se encuentra en una pagina web propiedad de LEADS GLOBAL INTERNATIONAL,<br \/>\nS.L. con domicilio social en C\/ Fil\u00e1 Cord\u00f3n n\u00ba 36, Pol\u00edgono Industrial Cotes Altes, del CP 03804 Alcoy,<br \/>\nAlicante, con CIF B54570809 inscrita inscrita en el Registro Mercantil de Alicante en el Tomo 3534, Folio<br \/>\n176,Inscripci\u00f3n 3, Hoja A-125984.<br \/>\nUsted podr\u00e1 ponerse en contacto con nosotros, o bien a trav\u00e9s de la direcci\u00f3n de correo postal arriba<br \/>\nindicada, o bien a trav\u00e9s del n\u00famero de tel\u00e9fono +34 965021575 o bien a trav\u00e9s de la direcci\u00f3n de correo<br \/>\nelectr\u00f3nico: contact@leads.global<\/p>\n<h3><strong>CONDICIONES GENERALES DE USO DEL PORTAL WEB<\/strong><\/h3>\n<p>Las condiciones generales contenidas en el presente aviso legal regulan el acceso y utilizaci\u00f3n de la p\u00e1gina<br \/>\nWeb que LEADS GLOBAL INTERNATIONAL, S.L. en principio, pone gratuitamente a disposici\u00f3n de los<br \/>\nusuarios de Internet, sin perjuicio de que esta circunstancia pueda variar en el futuro.<br \/>\nEl acceso a la misma implica la aceptaci\u00f3n sin reservas de las presentes condiciones. La utilizaci\u00f3n de<br \/>\ndeterminados servicios ofrecidos en este sitio se regir\u00e1, adem\u00e1s, por las condiciones particulares previstas<br \/>\nen cada caso, las cuales se entender\u00e1n aceptadas por el mero uso de tales servicios.<\/p>\n<h3><strong>AUTORIZACI\u00d3N<\/strong><\/h3>\n<p>Se autoriza la visualizaci\u00f3n, impresi\u00f3n y descarga parcial del contenido de la p\u00e1gina Web s\u00f3lo y<br \/>\nexclusivamente si concurren las siguientes condiciones:<br \/>\n1. Que sea compatible con los fines de la p\u00e1gina Web.<br \/>\n2. Que se realice con el exclusivo \u00e1nimo de obtener la informaci\u00f3n contenida para uso personal y<br \/>\nprivado. Se proh\u00edbe expresamente su utilizaci\u00f3n con fines comerciales o para su distribuci\u00f3n,<br \/>\ncomunicaci\u00f3n p\u00fablica, transformaci\u00f3n o descompilaci\u00f3n.<br \/>\n3. Que ninguno de los contenidos relacionados en la p\u00e1gina Web sean modificados de manera alguna.<br \/>\n4. Que ning\u00fan gr\u00e1fico, icono o imagen disponible en la p\u00e1gina Web sea utilizado, copiado o distribuido<br \/>\nseparadamente del resto de im\u00e1genes que lo acompa\u00f1an.<br \/>\nLa utilizaci\u00f3n no autorizada de la informaci\u00f3n contenida en la p\u00e1gina Web, su reventa, as\u00ed como la lesi\u00f3n de<br \/>\nlos derechos de propiedad intelectual o industrial de LEADS GLOBAL INTERNATIONAL, S.L. dar\u00e1 lugar a<br \/>\nlas responsabilidades legalmente establecidas.<\/p>\n<h3><strong>RESPONSABILIDADES<\/strong><\/h3>\n<p><strong>&gt; EN GENERAL<\/strong><br \/>\nTanto el acceso a la p\u00e1gina Web como el uso inconsentido que pueda efectuarse de la informaci\u00f3n<br \/>\ncontenida en la misma es de la exclusiva responsabilidad de quien lo realiza.<\/p>\n<p><u>Del funcionamiento y disponibilidad del Sitio Web<\/u><br \/>\nLEADS GLOBAL INTERNATIONAL, S.L. se reserva la facultad de efectuar, en cualquier momento y sin<br \/>\nnecesidad de previo aviso, modificaciones y actualizaciones de la informaci\u00f3n contenida en la p\u00e1gina Web,<br \/>\nde la configuraci\u00f3n y presentaci\u00f3n de \u00e9sta y de las condiciones de acceso.<br \/>\nLEADS GLOBAL INTERNATIONAL, S.L. no se hace responsable de los errores de seguridad que se<br \/>\npuedan producir ni de los da\u00f1os que puedan causarse al sistema inform\u00e1tico del usuario (hardware y<br \/>\nsoftware), o a los ficheros o documentos almacenados en el mismo, como consecuencia de:<\/p>\n<p>1. La presencia de un virus en el ordenador del usuario que sea utilizado para la conexi\u00f3n a los<br \/>\nservicios y contenidos de la p\u00e1gina Web;<br \/>\n2. Un mal funcionamiento del navegador;<br \/>\n3. Del uso de versiones no actualizadas del mismo.<br \/>\nLEADS GLOBAL INTERNATIONAL, S.L. utiliza programas de detecci\u00f3n de virus para controlar todos los<br \/>\nContenidos que introduce en el Sitio Web. No obstante, LEADS GLOBAL INTERNATIONAL, S.L. no<br \/>\ngarantiza la ausencia de virus ni de otros elementos en el Sitio Web introducidos por terceros ajenos a<br \/>\nLEADS GLOBAL INTERNATIONAL, S.L. que puedan producir alteraciones en los sistemas f\u00edsicos o l\u00f3gicos<br \/>\nde los Usuarios o en los documentos electr\u00f3nicos y ficheros almacenados en sus sistemas. En<br \/>\nconsecuencia, LEADS GLOBAL INTERNATIONAL, S.L. no ser\u00e1 en ning\u00fan caso responsable de<br \/>\ncualesquiera da\u00f1os y perjuicios de toda \u00edndole que pudieran derivarse de la presencia de virus u otros<br \/>\nelementos que puedan producir alteraciones en los sistemas f\u00edsicos o l\u00f3gicos, documentos electr\u00f3nicos o<br \/>\nficheros de los Usuarios.<br \/>\nAsimismo, LEADS GLOBAL INTERNATIONAL, S.L. utiliza diversas medidas de protecci\u00f3n de su Sitio Web<br \/>\ncontra ataques inform\u00e1ticos de terceros. No obstante, LEADS GLOBAL INTERNATIONAL, S.L. no garantiza<br \/>\nque terceros no autorizados puedan tener acceso al tipo de uso del Sitio Web que hace el Usuario o las<br \/>\ncondiciones, caracter\u00edsticas y circunstancias en las cuales se realiza dicho uso. En consecuencia LEADS<br \/>\nGLOBAL INTERNATIONAL, S.L. no ser\u00e1 en ning\u00fan caso responsable de los da\u00f1os y perjuicios que<br \/>\npudieran derivarse de dicho acceso no autorizado.<br \/>\nLEADS GLOBAL INTERNATIONAL, S.L.\u00a0 no garantiza la inexistencia de interrupciones o errores en el<br \/>\nacceso a la p\u00e1gina Web o a su contenido, ni que \u00e9sta se encuentre actualizada. LEADS GLOBAL<br \/>\nINTERNATIONAL, S.L. llevar\u00e1 a cabo, siempre que no concurran causas que lo hagan imposible o de dif\u00edcil<br \/>\nejecuci\u00f3n y tan pronto tenga noticia de los errores, desconexiones o falta de actualizaci\u00f3n en los contenidos,<br \/>\ntodas a aquellas labores tendentes a subsanar los errores, restablecer la comunicaci\u00f3n y actualizar los<br \/>\ncontenidos.<br \/>\nLEADS GLOBAL INTERNATIONAL, S.L. se reserva el derecho de interrumpir el acceso a su Sitio Web o de<br \/>\ncualquiera de sus contenidos en cualquier momento y sin previo aviso.<\/p>\n<p><u>De los contenidos y la calidad del Servicio<\/u><br \/>\nLEADS GLOBAL INTERNATIONAL, S.L. no asume la responsabilidad alguna derivada de los contenidos<br \/>\nenlazados en la p\u00e1gina Web, siempre que sean ajenos a la misma, ni garantiza la ausencia de virus u otros<br \/>\nelementos en los mismos que puedan producir alteraciones en el sistema inform\u00e1tico (hardware y software),<br \/>\nen los documentos o los ficheros del usuario, excluyendo cualquier responsabilidad por los da\u00f1os de<br \/>\ncualquier clase causados al usuario por este motivo.<br \/>\nEn el caso de que cualquier usuario, cliente o un tercero, considerara que el contenido o los servicios<br \/>\nprestados por las p\u00e1ginas enlazadas son il\u00edcitos o lesionan bienes o derechos del propio usuario, de un<br \/>\ncliente o de un tercero susceptibles de indemnizaci\u00f3n, y, en particular, consistan en:<br \/>\n1. Actividades o contenidos susceptibles de ser considerados delictivos conforme a la normativa penal<br \/>\nespa\u00f1ola.<br \/>\n2. Actividades o contenidos que violen derechos de propiedad intelectual o industrial.<br \/>\n3. Actividades o contenidos que pongan en peligro el orden p\u00fablico, la investigaci\u00f3n penal, la<br \/>\nseguridad p\u00fablica y la defensa nacional.<br \/>\n4. Actividades o contenidos que pongan el peligro la protecci\u00f3n de la salud p\u00fablica, el respeto a la<br \/>\ndignidad de la persona y al principio de no discriminaci\u00f3n, y la protecci\u00f3n de la salud y la infancia.<br \/>\nPodr\u00e1 ponerlo en conocimiento de LEADS GLOBAL INTERNATIONAL, S.L. no obstante, la recepci\u00f3n por<br \/>\nesa de dicha comunicaci\u00f3n no supondr\u00e1 conocimiento a los efectos de la responsabilidad prevista en el<br \/>\nart\u00edculo 17 de la LSSICE<br \/>\nLEADS GLOBAL INTERNATIONAL, S.L. no se hace responsable de la falta de utilidad o adecuaci\u00f3n para<br \/>\nun uso espec\u00edfico del presente Sitio Web. Tampoco se responsabiliza de los perjuicios que pueda sufrir el<br \/>\nUsuario por los errores u omisiones de los que pudieran adolecer los contenidos de este Sitio Web, si bien<br \/>\nse compromete a verificar y vigilar peri\u00f3dicamente los contenidos e informaciones del mismo.<br \/>\nDe la utilizaci\u00f3n del portal web.<\/p>\n<p>LEADS GLOBAL INTERNATIONAL, S.L. no se har\u00e1 responsable en ning\u00fan caso del uso que los Usuarios<br \/>\npudieran hacer del Sitio Web o los Contenidos, ni de los da\u00f1os y perjuicios que pudieran derivarse del<br \/>\nmismo.<\/p>\n<p><u>De los enlaces a otro sitios Web<\/u><br \/>\nTodo enlace de terceros a la p\u00e1gina Web debe serlo a su p\u00e1gina principal, quedando expresamente<br \/>\nprohibido los \u201clinks profundos\u201d, el \u201cframing\u201d y cualquier otro aprovechamiento de los contenidos de la p\u00e1gina<br \/>\nWeb, a favor de terceros no autorizados.<br \/>\nA trav\u00e9s del presente Sitio Web el Usuario podr\u00e1 acceder a sitios Web pertenecientes a y\/o gestionados por<br \/>\nterceros.<br \/>\nLa presencia de tales enlaces es meramente informativa, no constituyendo en ning\u00fan caso una invitaci\u00f3n a<br \/>\nla contrataci\u00f3n de productos o servicios que se ofrezcan en el Sitio Web de destino. El Usuario acceder\u00e1<br \/>\nbajo su exclusiva responsabilidad al contenido, y en las condiciones de uso que rijan en los mismos. El<br \/>\nUsuario reconoce y acepta que LEADS GLOBAL INTERNATIONAL, S.L. no se hace responsable, directa o<br \/>\nindirectamente, de cualesquiera da\u00f1os y perjuicios causados por el acceso a tales links.<br \/>\nEn caso de que LEADS GLOBAL INTERNATIONAL, S.L. tenga conocimiento efectivo de que la informaci\u00f3n<br \/>\no la actividad a la que se remite desde dichos enlaces es il\u00edcita, constitutiva de delito o puede lesionar<br \/>\nbienes o derechos de un tercero susceptibles de indemnizaci\u00f3n, actuar\u00e1 con la diligencia necesaria para<br \/>\nsuprimir o inutilizar el enlace correspondiente con la mayor brevedad posible<\/p>\n<p><strong>&gt; PROPIEDAD INDUSTRIAL<\/strong><br \/>\nEl uso de la p\u00e1gina Web no atribuye al usuario derecho alguno sobre marcas, nombres comerciales, signos<br \/>\ndistintivos o dise\u00f1os de cualquier tipo que aparecen en la p\u00e1gina Web Los art\u00edculos, noticias, legislaci\u00f3n y<br \/>\ndem\u00e1s contenidos p\u00fablicos que se cuyos derechos de propiedad intelectual no pertenezcan a LEADS<br \/>\nGLOBAL INTERNATIONAL, S.L. est\u00e1n publicados con la \u00fanica finalidad de informar a lo usuarios de esta<br \/>\np\u00e1gina.<br \/>\nLEADS GLOBAL INTERNATIONAL, S.L. es titular del c\u00f3digo fuente, dise\u00f1o, estructura de navegaci\u00f3n,<br \/>\nbases de datos y los distintos elementos de software de la p\u00e1gina Web as\u00ed como de los derechos de<br \/>\npropiedad industrial e intelectual referidos a los contenidos que en ella se incluyan.<\/p>\n","protected":false},"excerpt":{"rendered":"<p>\u00bfQUIENES SOMOS? En cumplimiento de las obligaciones establecidas en el art\u00edculo 10 de la Ley 34\/2002, LSSI, se procede a informar al visitante que se encuentra en una pagina web propiedad de LEADS GLOBAL INTERNATIONAL, S.L. con domicilio social en C\/ Fil\u00e1 Cord\u00f3n n\u00ba 36, Pol\u00edgono Industrial Cotes Altes, del CP 03804 Alcoy, Alicante, con [&hellip;]<\/p>\n","protected":false},"author":2,"featured_media":0,"parent":0,"menu_order":0,"comment_status":"closed","ping_status":"closed","template":"","meta":{"_et_pb_use_builder":"","_et_pb_old_content":"","_et_gb_content_width":"","footnotes":""},"class_list":["post-1124","page","type-page","status-publish","hentry"],"_links":{"self":[{"href":"https:\/\/leadsglobal.com\/es\/wp-json\/wp\/v2\/pages\/1124","targetHints":{"allow":["GET"]}}],"collection":[{"href":"https:\/\/leadsglobal.com\/es\/wp-json\/wp\/v2\/pages"}],"about":[{"href":"https:\/\/leadsglobal.com\/es\/wp-json\/wp\/v2\/types\/page"}],"author":[{"embeddable":true,"href":"https:\/\/leadsglobal.com\/es\/wp-json\/wp\/v2\/users\/2"}],"replies":[{"embeddable":true,"href":"https:\/\/leadsglobal.com\/es\/wp-json\/wp\/v2\/comments?post=1124"}],"version-history":[{"count":3,"href":"https:\/\/leadsglobal.com\/es\/wp-json\/wp\/v2\/pages\/1124\/revisions"}],"predecessor-version":[{"id":2060,"href":"https:\/\/leadsglobal.com\/es\/wp-json\/wp\/v2\/pages\/1124\/revisions\/2060"}],"wp:attachment":[{"href":"https:\/\/leadsglobal.com\/es\/wp-json\/wp\/v2\/media?parent=1124"}],"curies":[{"name":"wp","href":"https:\/\/api.w.org\/{rel}","templated":true}]}}