   
{"id":1122,"date":"2019-03-25T14:04:33","date_gmt":"2019-03-25T14:04:33","guid":{"rendered":"https:\/\/leadsglobal.com\/?page_id=1122"},"modified":"2019-03-25T14:04:33","modified_gmt":"2019-03-25T14:04:33","slug":"cookies","status":"publish","type":"page","link":"https:\/\/leadsglobal.com\/es\/cookies\/","title":{"rendered":"Cookies"},"content":{"rendered":"<h3><span style=\"font-weight: 400;\">\u00bfQu\u00e9 son las cookies?<\/span><\/h3>\n<p><span style=\"font-weight: 400;\">Una cookie es un fichero que se descarga en su ordenador al acceder a determinadas p\u00e1ginas web. Las cookies permiten a una p\u00e1gina web, entre otras cosas, almacenar y recuperar informaci\u00f3n sobre los h\u00e1bitos de navegaci\u00f3n de un usuario o de su equipo y, dependiendo de la informaci\u00f3n que contengan y de la forma en que utilice su equipo, pueden utilizarse para reconocer al usuario.<\/span><\/p>\n<p><span style=\"font-weight: 400;\">Las Cookies que utilizamos son las siguientes:<\/span><\/p>\n<ol>\n<li style=\"font-weight: 400;\"><span style=\"font-weight: 400;\">Cookies propias: Son aqu\u00e9llas que se env\u00edan al equipo terminal del usuario desde un equipo o dominio gestionado por el propio editor y desde el que se presta el servicio solicitado por el usuario.<\/span><\/li>\n<li style=\"font-weight: 400;\"><span style=\"font-weight: 400;\">Cookies de terceros: Son aqu\u00e9llas que se env\u00edan al equipo terminal del usuario desde un equipo o dominio que no es gestionado por el editor, sino por otra entidad que trata los datos obtenidos trav\u00e9s de las cookies.<\/span><\/li>\n<li style=\"font-weight: 400;\"><span style=\"font-weight: 400;\">Cookies de sesi\u00f3n: Son un tipo de cookies dise\u00f1adas para recabar y almacenar datos mientras el usuario accede a una p\u00e1gina web. Cookies persistentes: Son un tipo de cookies en el que los datos siguen almacenados en el terminal y pueden ser accedidos y tratados durante un periodo definido por el responsable de la cookie, y que puede ir de unos minutos a varios a\u00f1os.<\/span><\/li>\n<li style=\"font-weight: 400;\"><span style=\"font-weight: 400;\">Cookies t\u00e9cnicas: Permiten al usuario la navegaci\u00f3n a trav\u00e9s de una p\u00e1gina web, plataforma o aplicaci\u00f3n y la utilizaci\u00f3n de las diferentes opciones o servicios que en ella existan como, por ejemplo, controlar el tr\u00e1fico y la comunicaci\u00f3n de datos, identificar la sesi\u00f3n, acceder a partes de acceso restringido, recordar los elementos que integran un pedido, realizar el proceso de compra de un pedido, realizar la solicitud de inscripci\u00f3n o participaci\u00f3n en un evento, utilizar elementos de seguridad durante la navegaci\u00f3n, almacenar contenidos para la difusi\u00f3n de v\u00eddeos o sonido o compartir contenidos a trav\u00e9s de redes sociales.<\/span><\/li>\n<li style=\"font-weight: 400;\"><span style=\"font-weight: 400;\">Cookies de personalizaci\u00f3n: Permiten al usuario acceder al servicio con algunas caracter\u00edsticas de car\u00e1cter general predefinidas en funci\u00f3n de una serie de criterios en el terminal del usuario como por ejemplo serian el idioma, el tipo de navegador a trav\u00e9s del cual accede al servicio, la configuraci\u00f3n regional desde donde accede al servicio, etc.<\/span><\/li>\n<li style=\"font-weight: 400;\"><span style=\"font-weight: 400;\">Cookies de an\u00e1lisis: Permiten al responsable de las mismas, el seguimiento y an\u00e1lisis del comportamiento de los usuarios de los sitios web a los que est\u00e1n vinculadas. La informaci\u00f3n recogida mediante este tipo de cookies se utiliza en la medici\u00f3n de la actividad de los sitios web, aplicaci\u00f3n o plataforma y para la elaboraci\u00f3n de perfiles de navegaci\u00f3n de los usuarios de dichos sitios, aplicaciones y plataformas, con el fin de introducir mejoras en funci\u00f3n del an\u00e1lisis de los datos de uso que hacen los usuarios del servicio.<\/span><\/li>\n<\/ol>\n<p><span style=\"font-weight: 400;\">Concretamente, las cookies utilizadas en esta p\u00e1gina web son:<\/span><\/p>\n<table>\n<tbody>\n<tr>\n<td colspan=\"4\"><span style=\"font-weight: 400;\">COOKIES PROPIAS<\/span><\/td>\n<\/tr>\n<tr>\n<td><span style=\"font-weight: 400;\">Dominio bajo el cual figura la cookie<\/span><\/td>\n<td><span style=\"font-weight: 400;\">Nombre<\/span><\/td>\n<td><span style=\"font-weight: 400;\">Finalidad<\/span><\/td>\n<td><span style=\"font-weight: 400;\">M\u00e1s informaci\u00f3n<\/span><\/td>\n<\/tr>\n<tr>\n<td><span style=\"font-weight: 400;\">leads.global<\/span><\/td>\n<td><span style=\"font-weight: 400;\">_icl_current_language<\/span><\/p>\n<p><span style=\"font-weight: 400;\">_icl_visitor_lang_js<\/span><\/p>\n<p><span style=\"font-weight: 400;\">wpml_browser_redirect_test<\/span><\/p>\n<p><span style=\"font-weight: 400;\">wpml_referer_url<\/span><\/td>\n<td><span style=\"font-weight: 400;\">Estas cookies responden al plugin multi-idioma WPML y son las responsables de identificar el idioma del navegador del usuario para determinar el idioma a mostrar de la web.<\/span><\/td>\n<td><\/td>\n<\/tr>\n<\/tbody>\n<\/table>\n<table>\n<tbody>\n<tr>\n<td colspan=\"4\"><span style=\"font-weight: 400;\">COOKIES TERCEROS<\/span><\/td>\n<\/tr>\n<tr>\n<td><span style=\"font-weight: 400;\">Dominio bajo el cual figura la cookie<\/span><\/td>\n<td><span style=\"font-weight: 400;\">Nombre<\/span><\/td>\n<td><span style=\"font-weight: 400;\">Finalidad<\/span><\/td>\n<td><span style=\"font-weight: 400;\">M\u00e1s informaci\u00f3n<\/span><\/td>\n<\/tr>\n<tr>\n<td><span style=\"font-weight: 400;\">Google.com<\/span><\/td>\n<td>\n<table>\n<tbody>\n<tr>\n<td><span style=\"font-weight: 400;\">_ga<\/span><\/td>\n<\/tr>\n<tr>\n<td><span style=\"font-weight: 400;\">_gid_gat<\/span><\/td>\n<\/tr>\n<\/tbody>\n<\/table>\n<\/td>\n<td><span style=\"font-weight: 400;\">Utilizado por Google para a\u00f1adir el c\u00f3digo de seguimiento de Google Analytics desde Google Tag Manager.<\/span><\/td>\n<td><a href=\"https:\/\/www.google.es\/intl\/es\/policies\/technologies\/types\/\" target=\"_blank\" rel=\"noopener\"><span style=\"font-weight: 400;\">https:\/\/www.google.es\/intl\/es\/policies\/technologies\/types\/<\/span><\/a><\/td>\n<\/tr>\n<\/tbody>\n<\/table>\n<p><span style=\"font-weight: 400;\">En cualquier momento podr\u00e1s permitir, bloquear o eliminar las cookies instaladas en tu ordenador mediante la configuraci\u00f3n de las opciones del navegador que tenga instalado:<\/span><\/p>\n<ul>\n<li style=\"font-weight: 400;\"><span style=\"font-weight: 400;\">Google Chrome: <\/span><a href=\"https:\/\/support.google.com\/chrome\/answer\/95647?hl=es\" target=\"_blank\" rel=\"noopener\"><span style=\"font-weight: 400;\">C\u00f3mo administrar Cookies y Datos de sitios.<\/span><\/a><\/li>\n<li style=\"font-weight: 400;\"><span style=\"font-weight: 400;\">Firefox: <\/span><a href=\"https:\/\/support.mozilla.org\/es\/kb\/habilitar-y-deshabilitar-cookies-que-los-sitios-we\" target=\"_blank\" rel=\"noopener\"><span style=\"font-weight: 400;\">Habilitar y Deshabilitar cookies que los sitios web utilizan para rastrear tus preferencias.<\/span><\/a><\/li>\n<li style=\"font-weight: 400;\"><span style=\"font-weight: 400;\">Internet Explorer: <\/span><a href=\"http:\/\/windows.microsoft.com\/es-es\/windows-vista\/block-or-allow-cookies\" target=\"_blank\" rel=\"noopener\"><span style=\"font-weight: 400;\">Bloquear o permitir Cookies.<\/span><\/a><\/li>\n<li style=\"font-weight: 400;\"><span style=\"font-weight: 400;\">Safari: <\/span><a href=\"http:\/\/support.apple.com\/kb\/PH17204?viewlocale=es_ES&amp;locale=es_ES\" target=\"_blank\" rel=\"noopener\"><span style=\"font-weight: 400;\">Navegar en Internet.<\/span><\/a><span style=\"font-weight: 400;\"> Apartado Proteger la informaci\u00f3n personal (al final de la p\u00e1gina)<\/span><\/li>\n<\/ul>\n","protected":false},"excerpt":{"rendered":"<p>\u00bfQu\u00e9 son las cookies? Una cookie es un fichero que se descarga en su ordenador al acceder a determinadas p\u00e1ginas web. Las cookies permiten a una p\u00e1gina web, entre otras cosas, almacenar y recuperar informaci\u00f3n sobre los h\u00e1bitos de navegaci\u00f3n de un usuario o de su equipo y, dependiendo de la informaci\u00f3n que contengan y [&hellip;]<\/p>\n","protected":false},"author":2,"featured_media":0,"parent":0,"menu_order":0,"comment_status":"closed","ping_status":"closed","template":"","meta":{"_et_pb_use_builder":"","_et_pb_old_content":"","_et_gb_content_width":"","footnotes":""},"class_list":["post-1122","page","type-page","status-publish","hentry"],"_links":{"self":[{"href":"https:\/\/leadsglobal.com\/es\/wp-json\/wp\/v2\/pages\/1122","targetHints":{"allow":["GET"]}}],"collection":[{"href":"https:\/\/leadsglobal.com\/es\/wp-json\/wp\/v2\/pages"}],"about":[{"href":"https:\/\/leadsglobal.com\/es\/wp-json\/wp\/v2\/types\/page"}],"author":[{"embeddable":true,"href":"https:\/\/leadsglobal.com\/es\/wp-json\/wp\/v2\/users\/2"}],"replies":[{"embeddable":true,"href":"https:\/\/leadsglobal.com\/es\/wp-json\/wp\/v2\/comments?post=1122"}],"version-history":[{"count":1,"href":"https:\/\/leadsglobal.com\/es\/wp-json\/wp\/v2\/pages\/1122\/revisions"}],"predecessor-version":[{"id":1123,"href":"https:\/\/leadsglobal.com\/es\/wp-json\/wp\/v2\/pages\/1122\/revisions\/1123"}],"wp:attachment":[{"href":"https:\/\/leadsglobal.com\/es\/wp-json\/wp\/v2\/media?parent=1122"}],"curies":[{"name":"wp","href":"https:\/\/api.w.org\/{rel}","templated":true}]}}