   
{"id":1108,"date":"2019-03-22T11:31:14","date_gmt":"2019-03-22T11:31:14","guid":{"rendered":"https:\/\/leadsglobal.com\/?page_id=1108"},"modified":"2022-10-07T10:21:42","modified_gmt":"2022-10-07T10:21:42","slug":"politica-de-privacidad-2","status":"publish","type":"page","link":"https:\/\/leadsglobal.com\/es\/politica-de-privacidad-2\/","title":{"rendered":"Pol\u00edtica de Privacidad"},"content":{"rendered":"<div class=\"page\" title=\"Page 5\">\n<div class=\"layoutArea\">\n<div class=\"column\">\n<ul>\n<li>\n<p class=\"p2\">De acuerdo con lo dispuesto en la vigente normativa de Protecci\u00f3n de datos personales, ponemos en tu conocimiento la siguiente informaci\u00f3n:<\/p>\n<p class=\"p2\"><b>1. \u00bfQUIEN ES EL RESPONSABLE DEL TRATAMIENTO DE TUS DATOS?<\/b><\/p>\n<p class=\"p4\">LEADS GLOBAL INTERNATIONAL, S.L.<\/p>\n<p class=\"p2\">C\/ Fil\u00e1 Cord\u00f3n n\u00ba 36, Pol Ind Cotes Altes<\/p>\n<p class=\"p2\">03804 Alcoy, Alicante<\/p>\n<p class=\"p5\">CIF:<span class=\"Apple-converted-space\">\u00a0 <\/span><span class=\"s1\"><b><i>B54570809<\/i><\/b><\/span><\/p>\n<p class=\"p2\">Contacto con el Delegado de Protecci\u00f3n de Datos: <span class=\"s2\">dpo@leadsglobal.com<\/span><\/p>\n<p class=\"p2\"><b>2. \u00bfCUAL ES LA FINALIDAD DEL TRATAMIENTO DE TUS DATOS?<\/b><\/p>\n<p class=\"p2\">Nuestra finalidad al tratar tus datos es poner a tu disposici\u00f3n el contenido de las aplicaciones desarrolladas, asegurar su correcto funcionamiento e introducir las mejoras oportunas.<\/p>\n<p class=\"p2\">No tratamos tus datos identificativos, ni siquiera al acceder a la versi\u00f3n de pago de las aplicaciones. En este caso, tu suscripci\u00f3n ser\u00e1 \u00edntegramente gestionada por Google y \u00fanicamente contamos con un identificador que no nos permite conocer ning\u00fan dato identificativo tuyo ni relacionado con los m\u00e9todos de pago utilizados. Este identificador sirve para poder gestionar cualquier incidencia que se pueda producir.<\/p>\n<p class=\"p2\">Nuestra aplicaci\u00f3n se desarrolla \u00edntegramente en tu dispositivo, por lo que si introduces alg\u00fan dato en la misma, no podremos conocer su contenido.<\/p>\n<p class=\"p2\">Al instalar nuestras aplicaciones se pueden solicitar algunos permisos para garantizar su correcto funcionamiento (ej. c\u00e1mara para activar el flash o leer algunos c\u00f3digos de barras o QR\u2019s). Si una vez instalada una aplicaci\u00f3n, a trav\u00e9s de la configuraci\u00f3n de su dispositivo, los cancelas, la aplicaci\u00f3n, puede no funcionar correctamente.<\/p>\n<p class=\"p5\">En caso de que suceda un error en las aplicaciones podemos recopilar alguna informaci\u00f3n tal como la direcci\u00f3n del Protocolo de Internet (\u00abIP\u00bb) de tu dispositivo, el nombre del dispositivo, la versi\u00f3n del sistema operativo, la configuraci\u00f3n de la aplicaci\u00f3n, la hora y la fecha de su uso y otras estad\u00edsticas. En ning\u00fan caso combinamos esta informaci\u00f3n con datos identificativos.<\/p>\n<p class=\"p5\"><span class=\"s3\">Las aplicaciones pueden contener enlaces a otros sitios web. Si eliges hacer clic en uno de estos otros sitios web o anuncios que se te presenten, ten en cuenta que cualquier informaci\u00f3n que puedas proporcionar estar\u00e1 sujeta a la pol\u00edtica de privacidad del tercero responsable de ese sitio web. Nosotros no conocemos el contenido de sus pol\u00edticas, por lo que antes de introducir tus datos te recomendamos que las revises detenidamente.<\/span><\/p>\n<p class=\"p5\"><b>Menores<\/b>: Nuestras aplicaciones no est\u00e1n dirigidas a personas menores de 14 a\u00f1os. En caso de que descubramos que un menor de 14 a\u00f1os nos ha proporcionado informaci\u00f3n personal, la eliminamos inmediatamente de nuestros servidores. Si eres padre o tutor y sabes que tu hijo nos ha proporcionado informaci\u00f3n personal, puedes comunicarte con nosotros para que podamos tomar las medidas necesarias.<\/p>\n<p class=\"p2\"><b>3. \u00bfCUAL ES LA LEGITIMACI\u00d3N PARA EL TRATAMIENTO DE TUS DATOS?<\/b><\/p>\n<p class=\"p2\">La base de legitimaci\u00f3n para el tratamiento de tus datos en relaci\u00f3n a las finalidades de tratamiento son:<\/p>\n<ul class=\"ul1\">\n<li class=\"li2\">Ejecuci\u00f3n de un contrato en el que el interesado es parte.<\/li>\n<\/ul>\n<ul class=\"ul1\">\n<li class=\"li2\">Consentimiento del interesado, que deber\u00e1 aceptar mediante una declaraci\u00f3n o una clara acci\u00f3n afirmativa, como el marcado de una casilla dispuesta al efecto.<\/li>\n<\/ul>\n<p class=\"p2\"><b>4. \u00bfA QU\u00c9 DESTINATARIOS SE COMUNICAR\u00c1N SUS DATOS PERSONALES?<\/b><\/p>\n<p class=\"p5\">No comunicaremos tus datos a terceras partes.<\/p>\n<p class=\"p5\">No obstante, las aplicaciones utilizan servicios de terceros que pueden recopilar informaci\u00f3n para identificarte. A continuaci\u00f3n te presentamos el enlace a la pol\u00edtica de privacidad de los proveedores de servicios que pueden recopilar tu informaci\u00f3n:<\/p>\n<ul class=\"ul1\">\n<li class=\"li5\">Servicios de Google Play<\/li>\n<li class=\"li5\">Google Analytics para Firebase<\/li>\n<li class=\"li5\">Firebase Crashlytics<\/li>\n<\/ul>\n<p class=\"p2\"><b>5. \u00bfCUALES SON TUS DERECHOS CUANDO NOS FACILITA SUS DATOS PERSONALES?<\/b><\/p>\n<p class=\"p2\">Tienes derecho a:<\/p>\n<ul class=\"ul1\">\n<li class=\"li2\">Acceder a tus datos de car\u00e1cter personal.<\/li>\n<li class=\"li2\">Solicitar su rectificaci\u00f3n<\/li>\n<li class=\"li2\">Solicitar su supresi\u00f3n<\/li>\n<li class=\"li2\">Oponerte a su tratamiento.<\/li>\n<li class=\"li2\">Solicitar la limitaci\u00f3n de su tratamiento.<\/li>\n<li class=\"li2\">La portabilidad de datos personales.<\/li>\n<\/ul>\n<p class=\"p2\">Podr\u00e1s ejercer tus derechos dirigi\u00e9ndote directa y gratuitamente a la siguiente direcci\u00f3n de correo electr\u00f3nico dpo@leadsglobal.com indicando en el asunto \u201cEJERCICIO DE DERECHOS\u201d o mediante comunicaci\u00f3n escrita a la siguiente direcci\u00f3n: <span class=\"s4\">LEADS GLOBAL INTERNATIONAL, S.L., C\/ Cord\u00f3n 36, 03804, Alcoy, Alicante.<\/span><span class=\"Apple-converted-space\">\u00a0<\/span><\/p>\n<p class=\"p2\">Tu solicitud deber\u00e1 incluir fecha, nombre y apellidos, petici\u00f3n en que se concreta la solicitud, direcci\u00f3n a efectos de notificaciones. En caso de entender que no hemos resuelto correctamente tu solicitud, podr\u00e1s dirigirte a solicitar la tutela de la Agencia Espa\u00f1ola de Protecci\u00f3n de Datos, cuyos datos puedes consultar en www.aepd.es<\/p>\n<\/li>\n<\/ul>\n<\/div>\n<\/div>\n<\/div>\n","protected":false},"excerpt":{"rendered":"<p>De acuerdo con lo dispuesto en la vigente normativa de Protecci\u00f3n de datos personales, ponemos en tu conocimiento la siguiente informaci\u00f3n: 1. \u00bfQUIEN ES EL RESPONSABLE DEL TRATAMIENTO DE TUS DATOS? LEADS GLOBAL INTERNATIONAL, S.L. C\/ Fil\u00e1 Cord\u00f3n n\u00ba 36, Pol Ind Cotes Altes 03804 Alcoy, Alicante CIF:\u00a0 B54570809 Contacto con el Delegado de Protecci\u00f3n [&hellip;]<\/p>\n","protected":false},"author":2,"featured_media":0,"parent":0,"menu_order":0,"comment_status":"closed","ping_status":"closed","template":"","meta":{"_et_pb_use_builder":"","_et_pb_old_content":"","_et_gb_content_width":"","footnotes":""},"class_list":["post-1108","page","type-page","status-publish","hentry"],"_links":{"self":[{"href":"https:\/\/leadsglobal.com\/es\/wp-json\/wp\/v2\/pages\/1108","targetHints":{"allow":["GET"]}}],"collection":[{"href":"https:\/\/leadsglobal.com\/es\/wp-json\/wp\/v2\/pages"}],"about":[{"href":"https:\/\/leadsglobal.com\/es\/wp-json\/wp\/v2\/types\/page"}],"author":[{"embeddable":true,"href":"https:\/\/leadsglobal.com\/es\/wp-json\/wp\/v2\/users\/2"}],"replies":[{"embeddable":true,"href":"https:\/\/leadsglobal.com\/es\/wp-json\/wp\/v2\/comments?post=1108"}],"version-history":[{"count":11,"href":"https:\/\/leadsglobal.com\/es\/wp-json\/wp\/v2\/pages\/1108\/revisions"}],"predecessor-version":[{"id":2431,"href":"https:\/\/leadsglobal.com\/es\/wp-json\/wp\/v2\/pages\/1108\/revisions\/2431"}],"wp:attachment":[{"href":"https:\/\/leadsglobal.com\/es\/wp-json\/wp\/v2\/media?parent=1108"}],"curies":[{"name":"wp","href":"https:\/\/api.w.org\/{rel}","templated":true}]}}